{"id":34,"date":"2022-04-06T11:46:30","date_gmt":"2022-04-06T09:46:30","guid":{"rendered":"https:\/\/websites.artecom.studio\/dessine\/?page_id=34"},"modified":"2022-04-21T15:45:06","modified_gmt":"2022-04-21T13:45:06","slug":"contacts","status":"publish","type":"page","link":"https:\/\/websites.artecom.studio\/dessine\/contacts\/","title":{"rendered":"Contacts"},"content":{"rendered":"\n<p>Retrouvez les coordonn\u00e9es de toutes les personnes qui vous ont inspir\u00e9es tout au long de votre voyage.<\/p>\n\n\n\n<div style=\"height:55px\" aria-hidden=\"true\" class=\"wp-block-spacer\"><\/div>\n\n\n\n<div class=\"wp-block-columns is-layout-flex wp-container-core-columns-is-layout-9d6595d7 wp-block-columns-is-layout-flex\">\n<div class=\"wp-block-column is-layout-flow wp-block-column-is-layout-flow\">\n<div class=\"wp-block-group\"><div class=\"wp-block-group__inner-container is-layout-flow wp-block-group-is-layout-flow\">\n<figure class=\"wp-block-image size-full is-resized\"><img loading=\"lazy\" decoding=\"async\" src=\"https:\/\/websites.artecom.studio\/dessine\/wp-content\/uploads\/sites\/4\/2022\/04\/Screenshot-2022-04-18-19.36.25.png\" alt=\"\" class=\"wp-image-390\" width=\"256\" height=\"132\" srcset=\"https:\/\/websites.artecom.studio\/dessine\/wp-content\/uploads\/sites\/4\/2022\/04\/Screenshot-2022-04-18-19.36.25.png 560w, https:\/\/websites.artecom.studio\/dessine\/wp-content\/uploads\/sites\/4\/2022\/04\/Screenshot-2022-04-18-19.36.25-300x156.png 300w\" sizes=\"auto, (max-width: 256px) 100vw, 256px\" \/><\/figure>\n<\/div><\/div>\n\n\n\n<h2 class=\"wp-block-heading\">Florian<\/h2>\n\n\n\n<p><span style=\"text-decoration: underline\"><em>Sound Cloud :<\/em><\/span> Chef Tothor<\/p>\n\n\n\n<p><\/p>\n<\/div>\n\n\n\n<div class=\"wp-block-column is-layout-flow wp-block-column-is-layout-flow\">\n<div class=\"wp-block-group\"><div class=\"wp-block-group__inner-container is-layout-flow wp-block-group-is-layout-flow\">\n<figure class=\"wp-block-image size-full is-resized\"><img loading=\"lazy\" decoding=\"async\" src=\"https:\/\/websites.artecom.studio\/dessine\/wp-content\/uploads\/sites\/4\/2022\/04\/Screenshot-2022-04-18-18.49.42.png\" alt=\"\" class=\"wp-image-368\" width=\"243\" height=\"132\" srcset=\"https:\/\/websites.artecom.studio\/dessine\/wp-content\/uploads\/sites\/4\/2022\/04\/Screenshot-2022-04-18-18.49.42.png 542w, https:\/\/websites.artecom.studio\/dessine\/wp-content\/uploads\/sites\/4\/2022\/04\/Screenshot-2022-04-18-18.49.42-300x163.png 300w\" sizes=\"auto, (max-width: 243px) 100vw, 243px\" \/><\/figure>\n<\/div><\/div>\n\n\n\n<h2 class=\"wp-block-heading\">Mo\u00efra<\/h2>\n\n\n\n<p><em><span style=\"text-decoration: underline\">Instagram :<\/span><\/em> @petasse_du _ravin<\/p>\n\n\n\n<p><\/p>\n<\/div>\n\n\n\n<div class=\"wp-block-column is-layout-flow wp-block-column-is-layout-flow\">\n<div class=\"wp-block-group\"><div class=\"wp-block-group__inner-container is-layout-flow wp-block-group-is-layout-flow\">\n<figure class=\"wp-block-image size-full is-resized\"><img loading=\"lazy\" decoding=\"async\" src=\"https:\/\/websites.artecom.studio\/dessine\/wp-content\/uploads\/sites\/4\/2022\/04\/Screenshot-2022-04-18-18.59.10.png\" alt=\"\" class=\"wp-image-373\" width=\"247\" height=\"132\" srcset=\"https:\/\/websites.artecom.studio\/dessine\/wp-content\/uploads\/sites\/4\/2022\/04\/Screenshot-2022-04-18-18.59.10.png 442w, https:\/\/websites.artecom.studio\/dessine\/wp-content\/uploads\/sites\/4\/2022\/04\/Screenshot-2022-04-18-18.59.10-300x162.png 300w\" sizes=\"auto, (max-width: 247px) 100vw, 247px\" \/><\/figure>\n<\/div><\/div>\n\n\n\n<h2 class=\"wp-block-heading\">No\u00e9mi<\/h2>\n\n\n\n<p><em><span style=\"text-decoration: underline\">Instagram :<\/span><\/em> @neivy777 &#8211; @malezatattoos<\/p>\n\n\n\n<p><\/p>\n<\/div>\n<\/div>\n\n\n\n<div style=\"height:50px\" aria-hidden=\"true\" class=\"wp-block-spacer\"><\/div>\n\n\n\n<div class=\"wp-block-columns is-layout-flex wp-container-core-columns-is-layout-9d6595d7 wp-block-columns-is-layout-flex\">\n<div class=\"wp-block-column is-layout-flow wp-block-column-is-layout-flow\">\n<div class=\"wp-block-group\"><div class=\"wp-block-group__inner-container is-layout-flow wp-block-group-is-layout-flow\">\n<figure class=\"wp-block-image size-full is-resized\"><img loading=\"lazy\" decoding=\"async\" src=\"https:\/\/websites.artecom.studio\/dessine\/wp-content\/uploads\/sites\/4\/2022\/04\/Screenshot-2022-04-18-19.09.23.png\" alt=\"\" class=\"wp-image-379\" width=\"267\" height=\"140\" srcset=\"https:\/\/websites.artecom.studio\/dessine\/wp-content\/uploads\/sites\/4\/2022\/04\/Screenshot-2022-04-18-19.09.23.png 503w, https:\/\/websites.artecom.studio\/dessine\/wp-content\/uploads\/sites\/4\/2022\/04\/Screenshot-2022-04-18-19.09.23-300x157.png 300w\" sizes=\"auto, (max-width: 267px) 100vw, 267px\" \/><\/figure>\n<\/div><\/div>\n\n\n\n<h2 class=\"wp-block-heading\">Thomas<\/h2>\n\n\n\n<p><span style=\"text-decoration: underline\"><em>Instagram &#8211; Facebook :<\/em> <\/span>@cordonneriepoulain<\/p>\n\n\n\n<p><em><span style=\"text-decoration: underline\">Adresse :<\/span> <\/em>22 Rue Peyroli\u00e8res,      31000 Toulouse                     <\/p>\n\n\n\n<p><em><span style=\"text-decoration: underline\">Num\u00e9ro de t\u00e9l\u00e9phone :<\/span><\/em> 05.62.73.16.91<\/p>\n\n\n\n<p><\/p>\n<\/div>\n\n\n\n<div class=\"wp-block-column is-layout-flow wp-block-column-is-layout-flow\">\n<div class=\"wp-block-group\"><div class=\"wp-block-group__inner-container is-layout-flow wp-block-group-is-layout-flow\">\n<div class=\"wp-block-image\"><figure class=\"aligncenter size-large\"><img loading=\"lazy\" decoding=\"async\" width=\"1024\" height=\"733\" src=\"https:\/\/websites.artecom.studio\/dessine\/wp-content\/uploads\/sites\/4\/2022\/04\/photo-noel-square-1024x733.jpg\" alt=\"\" class=\"wp-image-434\" srcset=\"https:\/\/websites.artecom.studio\/dessine\/wp-content\/uploads\/sites\/4\/2022\/04\/photo-noel-square-1024x733.jpg 1024w, https:\/\/websites.artecom.studio\/dessine\/wp-content\/uploads\/sites\/4\/2022\/04\/photo-noel-square-300x215.jpg 300w, https:\/\/websites.artecom.studio\/dessine\/wp-content\/uploads\/sites\/4\/2022\/04\/photo-noel-square-768x550.jpg 768w, https:\/\/websites.artecom.studio\/dessine\/wp-content\/uploads\/sites\/4\/2022\/04\/photo-noel-square-1536x1099.jpg 1536w, https:\/\/websites.artecom.studio\/dessine\/wp-content\/uploads\/sites\/4\/2022\/04\/photo-noel-square-2048x1465.jpg 2048w\" sizes=\"auto, (max-width: 1024px) 100vw, 1024px\" \/><\/figure><\/div>\n\n\n\n<h2 class=\"wp-block-heading\">No\u00ebl<\/h2>\n\n\n\n<p><span style=\"text-decoration: underline\"><em>Instagram :<\/em><\/span> @academie_danseetcie_nimes<\/p>\n\n\n\n<p><span style=\"text-decoration: underline\"><em>Site internet : <\/em><\/span>https:\/\/danseetcie.com\/acces\/<\/p>\n\n\n\n<p><span style=\"text-decoration: underline\"><em>Adresse :<\/em><\/span> 19 Rue Emile Jamais, 30900 N\u00eemes<\/p>\n\n\n\n<p><span style=\"text-decoration: underline\"><em>Num\u00e9ro de t\u00e9l\u00e9phone :<\/em><\/span> 04.66.21.49.00<\/p>\n\n\n\n<p><\/p>\n<\/div><\/div>\n<\/div>\n\n\n\n<div class=\"wp-block-column is-layout-flow wp-block-column-is-layout-flow\">\n<div class=\"wp-block-group\"><div class=\"wp-block-group__inner-container is-layout-flow wp-block-group-is-layout-flow\">\n<div class=\"wp-block-image\"><figure class=\"aligncenter size-full is-resized\"><img loading=\"lazy\" decoding=\"async\" src=\"https:\/\/websites.artecom.studio\/dessine\/wp-content\/uploads\/sites\/4\/2022\/04\/Screenshot-2022-04-18-19.43.20.png\" alt=\"\" class=\"wp-image-393\" width=\"285\" height=\"141\" srcset=\"https:\/\/websites.artecom.studio\/dessine\/wp-content\/uploads\/sites\/4\/2022\/04\/Screenshot-2022-04-18-19.43.20.png 648w, https:\/\/websites.artecom.studio\/dessine\/wp-content\/uploads\/sites\/4\/2022\/04\/Screenshot-2022-04-18-19.43.20-300x149.png 300w\" sizes=\"auto, (max-width: 285px) 100vw, 285px\" \/><\/figure><\/div>\n\n\n\n<h2 class=\"wp-block-heading\">Fleuristes<\/h2>\n\n\n\n<p><span style=\"text-decoration: underline\"><em>Instagram :<\/em><\/span> @alocasia.fleuriste        <\/p>\n\n\n\n<p><span style=\"text-decoration: underline\"><em>Site internet :<\/em><\/span> https:\/\/www.fleuriste-alocasia.com\/                       <\/p>\n\n\n\n<p><em><span style=\"text-decoration: underline\">Adresse :<\/span><\/em> 81 rue Pargamini\u00e8res, 31000 Toulouse<\/p>\n\n\n\n<p><em><span style=\"text-decoration: underline\">Adresse mail :<\/span><\/em> <a href=\"mailto:alocia.fleuriste@gmail.com\">alocasia.fleuriste@gmail.com<\/a>&nbsp;<\/p>\n\n\n\n<p><em><span style=\"text-decoration: underline\">Num\u00e9ro de t\u00e9l\u00e9phone :<\/span><\/em> 05.61.21.14.50&nbsp;<\/p>\n\n\n\n<p><\/p>\n<\/div><\/div>\n<\/div>\n<\/div>\n\n\n\n<div class=\"wp-block-columns is-layout-flex wp-container-core-columns-is-layout-9d6595d7 wp-block-columns-is-layout-flex\">\n<div class=\"wp-block-column is-layout-flow wp-block-column-is-layout-flow\">\n<figure class=\"wp-block-image size-full is-resized\"><img loading=\"lazy\" decoding=\"async\" src=\"https:\/\/websites.artecom.studio\/dessine\/wp-content\/uploads\/sites\/4\/2022\/04\/245324572_581983456377414_1055704270967929682_n_011.jpg\" alt=\"\" class=\"wp-image-479\" width=\"251\" height=\"251\" srcset=\"https:\/\/websites.artecom.studio\/dessine\/wp-content\/uploads\/sites\/4\/2022\/04\/245324572_581983456377414_1055704270967929682_n_011.jpg 640w, https:\/\/websites.artecom.studio\/dessine\/wp-content\/uploads\/sites\/4\/2022\/04\/245324572_581983456377414_1055704270967929682_n_011-300x300.jpg 300w, https:\/\/websites.artecom.studio\/dessine\/wp-content\/uploads\/sites\/4\/2022\/04\/245324572_581983456377414_1055704270967929682_n_011-150x150.jpg 150w\" sizes=\"auto, (max-width: 251px) 100vw, 251px\" \/><\/figure>\n\n\n\n<h2 class=\"wp-block-heading\"> Manu <\/h2>\n\n\n\n<p><span style=\"text-decoration: underline\"><em>Instagram <\/em><\/span>: @manuyogapizza<\/p>\n\n\n\n<p><span style=\"text-decoration: underline\"><em>Site internet : <\/em><\/span>https:\/\/www.manuyoga.fr\/ <\/p>\n<\/div>\n\n\n\n<div class=\"wp-block-column is-layout-flow wp-block-column-is-layout-flow\">\n<figure class=\"wp-block-image size-full\"><img loading=\"lazy\" decoding=\"async\" width=\"960\" height=\"640\" src=\"https:\/\/websites.artecom.studio\/dessine\/wp-content\/uploads\/sites\/4\/2022\/04\/chris-sitze.jpg\" alt=\"\" class=\"wp-image-546\" srcset=\"https:\/\/websites.artecom.studio\/dessine\/wp-content\/uploads\/sites\/4\/2022\/04\/chris-sitze.jpg 960w, https:\/\/websites.artecom.studio\/dessine\/wp-content\/uploads\/sites\/4\/2022\/04\/chris-sitze-300x200.jpg 300w, https:\/\/websites.artecom.studio\/dessine\/wp-content\/uploads\/sites\/4\/2022\/04\/chris-sitze-768x512.jpg 768w\" sizes=\"auto, (max-width: 960px) 100vw, 960px\" \/><\/figure>\n\n\n\n<h2 class=\"wp-block-heading\">Christophe <\/h2>\n\n\n\n<p><span style=\"text-decoration: underline\"><em>Instagram :<\/em><\/span> @krist._.0ff<\/p>\n\n\n\n<p><span style=\"text-decoration: underline\"><em><span style=\"text-decoration: underline\"><em>Site internet : <\/em><\/span><\/em><\/span>https:\/\/www.facebook.com\/LesEnfantsDeBeltane\/?ref=page_internal<\/p>\n<\/div>\n\n\n\n<div class=\"wp-block-column is-layout-flow wp-block-column-is-layout-flow\">\n<figure class=\"wp-block-image size-large is-resized\"><img loading=\"lazy\" decoding=\"async\" src=\"https:\/\/websites.artecom.studio\/dessine\/wp-content\/uploads\/sites\/4\/2022\/04\/logo-blanc-1024x576.png\" alt=\"\" class=\"wp-image-584\" width=\"396\" height=\"223\" srcset=\"https:\/\/websites.artecom.studio\/dessine\/wp-content\/uploads\/sites\/4\/2022\/04\/logo-blanc-1024x576.png 1024w, https:\/\/websites.artecom.studio\/dessine\/wp-content\/uploads\/sites\/4\/2022\/04\/logo-blanc-300x169.png 300w, https:\/\/websites.artecom.studio\/dessine\/wp-content\/uploads\/sites\/4\/2022\/04\/logo-blanc-768x432.png 768w, https:\/\/websites.artecom.studio\/dessine\/wp-content\/uploads\/sites\/4\/2022\/04\/logo-blanc-1536x864.png 1536w, https:\/\/websites.artecom.studio\/dessine\/wp-content\/uploads\/sites\/4\/2022\/04\/logo-blanc.png 1920w\" sizes=\"auto, (max-width: 396px) 100vw, 396px\" \/><\/figure>\n\n\n\n<h2 class=\"wp-block-heading\">Nous<\/h2>\n\n\n\n<p>Suis nous sur <em><span style=\"text-decoration: underline\">Instagram :<\/span><\/em> @_dessine_moi_une_vie_<\/p>\n<\/div>\n<\/div>\n\n\n\n<p><\/p>\n\n\n\n<h2 class=\"wp-block-heading\"><\/h2>\n","protected":false},"excerpt":{"rendered":"<p>Retrouvez les coordonn\u00e9es de toutes les personnes qui vous ont inspir\u00e9es tout au long de votre voyage. Florian Sound Cloud : Chef Tothor Mo\u00efra&#8230;<\/p>\n","protected":false},"author":18,"featured_media":0,"parent":0,"menu_order":0,"comment_status":"closed","ping_status":"closed","template":"","meta":{"advgb_blocks_editor_width":"","advgb_blocks_columns_visual_guide":"","footnotes":""},"class_list":["post-34","page","type-page","status-publish","hentry"],"coauthors":[],"author_meta":{"author_link":"https:\/\/websites.artecom.studio\/dessine\/author\/claralu\/","display_name":"claralu"},"relative_dates":{"created":"Publi\u00e9 4 ans il y a","modified":"Mis \u00e0 jour 4 ans il y a"},"absolute_dates":{"created":"Publi\u00e9 le 6 avril 2022","modified":"Mise \u00e0 jour le 21 avril 2022"},"absolute_dates_time":{"created":"Publi\u00e9 le 6 avril 2022 11h46","modified":"Mise \u00e0 jour le 21 avril 2022 15h45"},"featured_img_caption":"","featured_img":false,"series_order":"","_links":{"self":[{"href":"https:\/\/websites.artecom.studio\/dessine\/wp-json\/wp\/v2\/pages\/34","targetHints":{"allow":["GET"]}}],"collection":[{"href":"https:\/\/websites.artecom.studio\/dessine\/wp-json\/wp\/v2\/pages"}],"about":[{"href":"https:\/\/websites.artecom.studio\/dessine\/wp-json\/wp\/v2\/types\/page"}],"author":[{"embeddable":true,"href":"https:\/\/websites.artecom.studio\/dessine\/wp-json\/wp\/v2\/users\/18"}],"replies":[{"embeddable":true,"href":"https:\/\/websites.artecom.studio\/dessine\/wp-json\/wp\/v2\/comments?post=34"}],"version-history":[{"count":35,"href":"https:\/\/websites.artecom.studio\/dessine\/wp-json\/wp\/v2\/pages\/34\/revisions"}],"predecessor-version":[{"id":579,"href":"https:\/\/websites.artecom.studio\/dessine\/wp-json\/wp\/v2\/pages\/34\/revisions\/579"}],"wp:attachment":[{"href":"https:\/\/websites.artecom.studio\/dessine\/wp-json\/wp\/v2\/media?parent=34"}],"curies":[{"name":"wp","href":"https:\/\/api.w.org\/{rel}","templated":true}]}}