{"id":95,"date":"2022-04-07T15:59:01","date_gmt":"2022-04-07T13:59:01","guid":{"rendered":"https:\/\/websites.artecom.studio\/dessine\/?page_id=95"},"modified":"2022-05-01T23:52:07","modified_gmt":"2022-05-01T21:52:07","slug":"face-a-vous","status":"publish","type":"page","link":"https:\/\/websites.artecom.studio\/dessine\/face-a-vous\/","title":{"rendered":"Face \u00e0 vous"},"content":{"rendered":"\n<p>D\u00e9couvrez les histoires de ces cinq personnes gr\u00e2ce \u00e0 des t\u00eates \u00e0 t\u00eates inspirants.<\/p>\n\n\n\n<div style=\"height:40px\" aria-hidden=\"true\" class=\"wp-block-spacer\"><\/div>\n\n\n\n<div class=\"wp-block-columns is-layout-flex wp-container-core-columns-is-layout-9d6595d7 wp-block-columns-is-layout-flex\">\n<div class=\"wp-block-column is-layout-flow wp-block-column-is-layout-flow\">\n<div class=\"wp-block-columns is-layout-flex wp-container-core-columns-is-layout-9d6595d7 wp-block-columns-is-layout-flex\">\n<div class=\"wp-block-column is-layout-flow wp-block-column-is-layout-flow\">\n<h2 class=\"wp-block-heading\" style=\"font-size:27px\">\u00ab Prendre les choses de mani\u00e8re cart\u00e9sienne \u00bb<\/h2>\n\n\n\n<figure class=\"wp-block-embed is-type-rich is-provider-soundcloud wp-block-embed-soundcloud\"><div class=\"wp-block-embed__wrapper\">\n<iframe loading=\"lazy\" title=\"\u00ab Prendre les choses de mani\u00e8re cart\u00e9sienne \u00bb by Jade\" width=\"640\" height=\"400\" scrolling=\"no\" frameborder=\"no\" src=\"https:\/\/w.soundcloud.com\/player\/?visual=true&#038;url=https%3A%2F%2Fapi.soundcloud.com%2Ftracks%2F1250164777&#038;show_artwork=true&#038;maxheight=960&#038;maxwidth=640&#038;secret_token=s-KWRHE5IdyYu\"><\/iframe>\n<\/div><\/figure>\n\n\n\n<div class=\"wp-block-buttons is-content-justification-center is-layout-flex wp-container-core-buttons-is-layout-16018d1d wp-block-buttons-is-layout-flex\">\n<div class=\"wp-block-button has-custom-font-size is-style-outline is-style-outline--1\" style=\"font-size:16px\"><a class=\"wp-block-button__link has-text-color has-background\" href=\"https:\/\/websites.artecom.studio\/dessine\/prendre-les-choses-de-manieres-cartesiennes\/\" style=\"background-color:#fcf5d9;color:#06041e\">Retranscription \u00e9crite<\/a><\/div>\n<\/div>\n<\/div>\n\n\n\n<div class=\"wp-block-column is-layout-flow wp-block-column-is-layout-flow\">\n<h2 class=\"wp-block-heading\" style=\"font-size:27px\">\u00ab Continuer \u00e0 partager pleins de choses \u00bb<\/h2>\n\n\n\n<figure class=\"wp-block-embed is-type-rich is-provider-soundcloud wp-block-embed-soundcloud\"><div class=\"wp-block-embed__wrapper\">\n<iframe loading=\"lazy\" title=\"\u00ab Continuer \u00e0 partager plein de choses \u00bb by Jade\" width=\"640\" height=\"400\" scrolling=\"no\" frameborder=\"no\" src=\"https:\/\/w.soundcloud.com\/player\/?visual=true&#038;url=https%3A%2F%2Fapi.soundcloud.com%2Ftracks%2F1250164786&#038;show_artwork=true&#038;maxheight=960&#038;maxwidth=640&#038;secret_token=s-VGtXC4XpBbF\"><\/iframe>\n<\/div><\/figure>\n\n\n\n<div class=\"wp-block-buttons is-content-justification-center is-layout-flex wp-container-core-buttons-is-layout-16018d1d wp-block-buttons-is-layout-flex\">\n<div class=\"wp-block-button has-custom-font-size is-style-outline is-style-outline--2\" style=\"font-size:16px\"><a class=\"wp-block-button__link has-text-color has-background\" href=\"https:\/\/websites.artecom.studio\/dessine\/continuer-a-partager-pleins-de-choses\/\" style=\"background-color:#fcf5d9;color:#06041e\">Retranscription \u00e9crite<\/a><\/div>\n<\/div>\n<\/div>\n<\/div>\n<\/div>\n<\/div>\n\n\n\n<div class=\"wp-block-columns is-layout-flex wp-container-core-columns-is-layout-9d6595d7 wp-block-columns-is-layout-flex\">\n<div class=\"wp-block-column is-layout-flow wp-block-column-is-layout-flow\">\n<h2 class=\"wp-block-heading\" style=\"font-size:25px\">\u00ab Quand j&rsquo;\u00e9tais petit je voulais \u00eatre&#8230; \u00bb<\/h2>\n\n\n\n<figure class=\"wp-block-embed is-type-rich is-provider-soundcloud wp-block-embed-soundcloud\"><div class=\"wp-block-embed__wrapper\">\n<iframe loading=\"lazy\" title=\"\u00ab Quand j&#039;\u00e9tais petit je voulais \u00eatre... \u00bb by Jade\" width=\"640\" height=\"400\" scrolling=\"no\" frameborder=\"no\" src=\"https:\/\/w.soundcloud.com\/player\/?visual=true&#038;url=https%3A%2F%2Fapi.soundcloud.com%2Ftracks%2F1250164774&#038;show_artwork=true&#038;maxheight=960&#038;maxwidth=640&#038;secret_token=s-rr398v1SvM9\"><\/iframe>\n<\/div><\/figure>\n\n\n\n<div class=\"wp-block-buttons is-content-justification-center is-layout-flex wp-container-core-buttons-is-layout-16018d1d wp-block-buttons-is-layout-flex\">\n<div class=\"wp-block-button has-custom-font-size is-style-outline is-style-outline--3\" style=\"font-size:16px\"><a class=\"wp-block-button__link has-text-color has-background\" href=\"https:\/\/websites.artecom.studio\/dessine\/quand-jetait-petit-je-voulais-etre\/\" style=\"background-color:#fcf5d9;color:#06041e\">Retranscription \u00e9crite<\/a><\/div>\n<\/div>\n<\/div>\n\n\n\n<div class=\"wp-block-column is-layout-flow wp-block-column-is-layout-flow\">\n<h2 class=\"wp-block-heading\">\u00ab J&rsquo;ai vraiment trouv\u00e9 ma voie \u00bb<\/h2>\n\n\n\n<figure class=\"wp-block-embed is-type-rich is-provider-soundcloud wp-block-embed-soundcloud\"><div class=\"wp-block-embed__wrapper\">\n<iframe loading=\"lazy\" title=\"\u00ab J&#039;ai vraiment trouv\u00e9 ma voie \u00bb by Jade\" width=\"640\" height=\"400\" scrolling=\"no\" frameborder=\"no\" src=\"https:\/\/w.soundcloud.com\/player\/?visual=true&#038;url=https%3A%2F%2Fapi.soundcloud.com%2Ftracks%2F1250164768&#038;show_artwork=true&#038;maxheight=960&#038;maxwidth=640&#038;secret_token=s-hMtCr0yKUUe\"><\/iframe>\n<\/div><\/figure>\n\n\n\n<div class=\"wp-block-buttons is-content-justification-center is-layout-flex wp-container-core-buttons-is-layout-16018d1d wp-block-buttons-is-layout-flex\">\n<div class=\"wp-block-button has-custom-font-size is-style-outline is-style-outline--4\" style=\"font-size:16px\"><a class=\"wp-block-button__link has-text-color has-background\" href=\"https:\/\/websites.artecom.studio\/dessine\/jai-vraiment-trouve-ma-voie\/\" style=\"background-color:#fcf5d9;color:#06041e\">Retranscription \u00e9crite<\/a><\/div>\n<\/div>\n<\/div>\n<\/div>\n\n\n\n<div class=\"wp-block-columns is-layout-flex wp-container-core-columns-is-layout-9d6595d7 wp-block-columns-is-layout-flex\">\n<div class=\"wp-block-column is-layout-flow wp-block-column-is-layout-flow\" style=\"flex-basis:100%\">\n<h2 class=\"wp-block-heading\">\u00ab Notre devoir comme notre mission \u00bb<\/h2>\n\n\n\n<div class=\"wp-block-columns is-layout-flex wp-container-core-columns-is-layout-9d6595d7 wp-block-columns-is-layout-flex\">\n<div class=\"wp-block-column is-layout-flow wp-block-column-is-layout-flow\">\n<figure class=\"wp-block-embed is-type-rich is-provider-soundcloud wp-block-embed-soundcloud\"><div class=\"wp-block-embed__wrapper\">\n<iframe loading=\"lazy\" title=\"\u00ab Notre devoir comme notre mission \u00bb by Jade\" width=\"640\" height=\"400\" scrolling=\"no\" frameborder=\"no\" src=\"https:\/\/w.soundcloud.com\/player\/?visual=true&#038;url=https%3A%2F%2Fapi.soundcloud.com%2Ftracks%2F1253571682&#038;show_artwork=true&#038;maxheight=960&#038;maxwidth=640&#038;secret_token=s-E5RTANvrHLJ\"><\/iframe>\n<\/div><\/figure>\n\n\n\n<div class=\"wp-block-buttons is-content-justification-center is-layout-flex wp-container-core-buttons-is-layout-16018d1d wp-block-buttons-is-layout-flex\">\n<div class=\"wp-block-button has-custom-font-size is-style-outline is-style-outline--5\" style=\"font-size:16px\"><a class=\"wp-block-button__link has-text-color has-background\" href=\"https:\/\/websites.artecom.studio\/dessine\/notre-devoir-comme-notre-mission\/\" style=\"background-color:#fcf5d9;color:#06041e\">Retranscription \u00e9crite<\/a><\/div>\n<\/div>\n<\/div>\n<\/div>\n<\/div>\n<\/div>\n\n\n\n<p><\/p>\n","protected":false},"excerpt":{"rendered":"<p>D\u00e9couvrez les histoires de ces cinq personnes gr\u00e2ce \u00e0 des t\u00eates \u00e0 t\u00eates inspirants. \u00ab Prendre les choses de mani\u00e8re cart\u00e9sienne \u00bb \u00ab Continuer&#8230;<\/p>\n","protected":false},"author":12,"featured_media":0,"parent":0,"menu_order":0,"comment_status":"closed","ping_status":"closed","template":"","meta":{"advgb_blocks_editor_width":"","advgb_blocks_columns_visual_guide":"","footnotes":""},"class_list":["post-95","page","type-page","status-publish","hentry"],"coauthors":[],"author_meta":{"author_link":"https:\/\/websites.artecom.studio\/dessine\/author\/jade\/","display_name":"jade"},"relative_dates":{"created":"Publi\u00e9 4 ans il y a","modified":"Mis \u00e0 jour 4 ans il y a"},"absolute_dates":{"created":"Publi\u00e9 le 7 avril 2022","modified":"Mise \u00e0 jour le 1 mai 2022"},"absolute_dates_time":{"created":"Publi\u00e9 le 7 avril 2022 15h59","modified":"Mise \u00e0 jour le 1 mai 2022 23h52"},"featured_img_caption":"","featured_img":false,"series_order":"","_links":{"self":[{"href":"https:\/\/websites.artecom.studio\/dessine\/wp-json\/wp\/v2\/pages\/95","targetHints":{"allow":["GET"]}}],"collection":[{"href":"https:\/\/websites.artecom.studio\/dessine\/wp-json\/wp\/v2\/pages"}],"about":[{"href":"https:\/\/websites.artecom.studio\/dessine\/wp-json\/wp\/v2\/types\/page"}],"author":[{"embeddable":true,"href":"https:\/\/websites.artecom.studio\/dessine\/wp-json\/wp\/v2\/users\/12"}],"replies":[{"embeddable":true,"href":"https:\/\/websites.artecom.studio\/dessine\/wp-json\/wp\/v2\/comments?post=95"}],"version-history":[{"count":31,"href":"https:\/\/websites.artecom.studio\/dessine\/wp-json\/wp\/v2\/pages\/95\/revisions"}],"predecessor-version":[{"id":621,"href":"https:\/\/websites.artecom.studio\/dessine\/wp-json\/wp\/v2\/pages\/95\/revisions\/621"}],"wp:attachment":[{"href":"https:\/\/websites.artecom.studio\/dessine\/wp-json\/wp\/v2\/media?parent=95"}],"curies":[{"name":"wp","href":"https:\/\/api.w.org\/{rel}","templated":true}]}}