{"id":101,"date":"2023-03-28T15:06:54","date_gmt":"2023-03-28T13:06:54","guid":{"rendered":"https:\/\/websites.artecom.studio\/doublevie\/?page_id=101"},"modified":"2023-05-10T17:43:46","modified_gmt":"2023-05-10T15:43:46","slug":"au-service-des-autres","status":"publish","type":"page","link":"https:\/\/websites.artecom.studio\/doublevie\/au-service-des-autres\/","title":{"rendered":"Au service des autres"},"content":{"rendered":"\n<p class=\"has-text-align-center has-medium-font-size\"><strong>On peut identifier ces personnages \u00e0 des super h\u00e9ros (de tous les jours), qui se servent de leur face cach\u00e9e pour aider les autres<\/strong>.<\/p>\n\n\n\n<div class=\"wp-block-columns are-vertically-aligned-top has-link-color wp-elements-684c89ac65488bea0538c7cd8c87b317 is-layout-flex wp-container-core-columns-is-layout-7466b548 wp-block-columns-is-layout-flex\" style=\"padding-top:var(--wp--preset--spacing--30);padding-right:var(--wp--preset--spacing--30);padding-bottom:var(--wp--preset--spacing--30);padding-left:var(--wp--preset--spacing--30)\">\n<div class=\"wp-block-column is-vertically-aligned-top is-layout-flow wp-block-column-is-layout-flow\" style=\"padding-top:var(--wp--preset--spacing--40);padding-right:var(--wp--preset--spacing--40);padding-bottom:var(--wp--preset--spacing--40);padding-left:var(--wp--preset--spacing--40)\">\n<h2 class=\"wp-block-heading\">Superman<\/h2>\n\n\n\n<figure class=\"wp-block-image size-full is-resized\"><img loading=\"lazy\" decoding=\"async\" src=\"https:\/\/websites.artecom.studio\/doublevie\/wp-content\/uploads\/sites\/8\/2023\/05\/superman.webp\" alt=\"\" class=\"wp-image-389\" width=\"390\" height=\"293\" srcset=\"https:\/\/websites.artecom.studio\/doublevie\/wp-content\/uploads\/sites\/8\/2023\/05\/superman.webp 1000w, https:\/\/websites.artecom.studio\/doublevie\/wp-content\/uploads\/sites\/8\/2023\/05\/superman-300x225.webp 300w, https:\/\/websites.artecom.studio\/doublevie\/wp-content\/uploads\/sites\/8\/2023\/05\/superman-768x576.webp 768w\" sizes=\"auto, (max-width: 390px) 100vw, 390px\" \/><figcaption class=\"wp-element-caption\"><mark class=\"has-inline-color has-ti-bg-color\">\u00a9Gary Frank\/DC Comics<\/mark><\/figcaption><\/figure>\n\n\n\n<p><strong>Superman est l\u2019un des h\u00e9ros les plus embl\u00e9matiques de l\u2019univers DC Comics. Sa v\u00e9ritable identit\u00e9 est Clark Kent, un journaliste travaillant au Daily Planet \u00e0 Metropolis. Quand il est Clark Kent, Superman adopte une personnalit\u00e9 plut\u00f4t calme et discr\u00e8te. Il porte des lunettes, une chemise blanche et une cravate, et se coiffe diff\u00e9remment que lorsqu\u2019il est Superman.<\/strong><\/p>\n\n\n\n<p><a href=\"https:\/\/websites.artecom.studio\/doublevie\/2023\/03\/28\/superman\/\">Lire la suite<\/a><\/p>\n<\/div>\n\n\n\n<div class=\"wp-block-column is-vertically-aligned-top is-layout-flow wp-block-column-is-layout-flow\" style=\"padding-top:var(--wp--preset--spacing--40);padding-right:var(--wp--preset--spacing--40);padding-bottom:var(--wp--preset--spacing--40);padding-left:var(--wp--preset--spacing--40)\">\n<h2 class=\"wp-block-heading\">M<\/h2>\n\n\n\n<figure class=\"wp-block-image size-full is-resized\"><img loading=\"lazy\" decoding=\"async\" src=\"https:\/\/websites.artecom.studio\/doublevie\/wp-content\/uploads\/sites\/8\/2023\/05\/aeedc51519dd69632d1c55a0530f909a8f2fcbdcccb198e015d6a91e62c74bea.webp\" alt=\"\" class=\"wp-image-377\" width=\"436\" height=\"290\" srcset=\"https:\/\/websites.artecom.studio\/doublevie\/wp-content\/uploads\/sites\/8\/2023\/05\/aeedc51519dd69632d1c55a0530f909a8f2fcbdcccb198e015d6a91e62c74bea.webp 704w, https:\/\/websites.artecom.studio\/doublevie\/wp-content\/uploads\/sites\/8\/2023\/05\/aeedc51519dd69632d1c55a0530f909a8f2fcbdcccb198e015d6a91e62c74bea-300x199.webp 300w\" sizes=\"auto, (max-width: 436px) 100vw, 436px\" \/><figcaption class=\"wp-element-caption\"><mark class=\"has-inline-color has-ti-bg-color\">MATTHEW TOTARO<\/mark><\/figcaption><\/figure>\n\n\n\n<p class=\"has-text-align-left\"><strong>\u00ab\u00a0Connaissez-vous la double vie de Mathieu Chedid, l&rsquo;auteur-compositeur-interpr\u00e8te fran\u00e7ais mieux connu sous le nom de \u00ab\u00a0M\u00a0\u00bb? Derri\u00e8re son c\u00e9l\u00e8bre nom de sc\u00e8ne se cache un musicien polyvalent et novateur, qui a su cr\u00e9er un son unique m\u00e9langeant rock, funk et \u00e9lectronique. D\u00e9couvrez l&rsquo;histoire fascinante de cet artiste avant-gardiste, qui a su se cr\u00e9er une identit\u00e9 distincte de son c\u00e9l\u00e8bre p\u00e8re et inspirer des fans \u00e0 travers le monde.\u00a0\u00bb<\/strong><\/p>\n\n\n\n<p><a href=\"https:\/\/websites.artecom.studio\/doublevie\/2023\/03\/28\/m\/\">Lire la suite<\/a><\/p>\n<\/div>\n<\/div>\n","protected":false},"excerpt":{"rendered":"<p>On peut identifier ces personnages \u00e0 des super h\u00e9ros (de tous les jours), qui se servent de leur face cach\u00e9e pour aider les autres. Superman Superman est l\u2019un des h\u00e9ros les plus embl\u00e9matiques de l\u2019univers DC Comics. Sa v\u00e9ritable identit\u00e9 est Clark Kent, un journaliste travaillant au Daily Planet \u00e0 Metropolis. Quand il est Clark [&hellip;]<\/p>\n","protected":false},"author":39,"featured_media":0,"parent":0,"menu_order":0,"comment_status":"closed","ping_status":"closed","template":"","meta":{"advgb_blocks_editor_width":"","advgb_blocks_columns_visual_guide":"","footnotes":""},"class_list":["post-101","page","type-page","status-publish","hentry"],"coauthors":[],"author_meta":{"author_link":"https:\/\/websites.artecom.studio\/doublevie\/author\/evam\/","display_name":"evam"},"relative_dates":{"created":"Publi\u00e9 3 ans il y a","modified":"Mis \u00e0 jour 3 ans il y a"},"absolute_dates":{"created":"Publi\u00e9 le 28 mars 2023","modified":"Mise \u00e0 jour le 10 mai 2023"},"absolute_dates_time":{"created":"Publi\u00e9 le 28 mars 2023 15h06","modified":"Mise \u00e0 jour le 10 mai 2023 17h43"},"featured_img_caption":"","featured_img":false,"series_order":"","_links":{"self":[{"href":"https:\/\/websites.artecom.studio\/doublevie\/wp-json\/wp\/v2\/pages\/101","targetHints":{"allow":["GET"]}}],"collection":[{"href":"https:\/\/websites.artecom.studio\/doublevie\/wp-json\/wp\/v2\/pages"}],"about":[{"href":"https:\/\/websites.artecom.studio\/doublevie\/wp-json\/wp\/v2\/types\/page"}],"author":[{"embeddable":true,"href":"https:\/\/websites.artecom.studio\/doublevie\/wp-json\/wp\/v2\/users\/39"}],"replies":[{"embeddable":true,"href":"https:\/\/websites.artecom.studio\/doublevie\/wp-json\/wp\/v2\/comments?post=101"}],"version-history":[{"count":15,"href":"https:\/\/websites.artecom.studio\/doublevie\/wp-json\/wp\/v2\/pages\/101\/revisions"}],"predecessor-version":[{"id":410,"href":"https:\/\/websites.artecom.studio\/doublevie\/wp-json\/wp\/v2\/pages\/101\/revisions\/410"}],"wp:attachment":[{"href":"https:\/\/websites.artecom.studio\/doublevie\/wp-json\/wp\/v2\/media?parent=101"}],"curies":[{"name":"wp","href":"https:\/\/api.w.org\/{rel}","templated":true}]}}