{"id":162,"date":"2023-03-29T15:24:19","date_gmt":"2023-03-29T13:24:19","guid":{"rendered":"https:\/\/websites.artecom.studio\/doublevie\/?page_id=162"},"modified":"2023-05-09T09:05:35","modified_gmt":"2023-05-09T07:05:35","slug":"accueil","status":"publish","type":"page","link":"https:\/\/websites.artecom.studio\/doublevie\/","title":{"rendered":""},"content":{"rendered":"<header class=\"alignfull wp-block-template-part\">\n<div class=\"wp-block-group alignfull is-layout-constrained wp-block-group-is-layout-constrained\">\n<div class=\"wp-block-cover alignfull\" style=\"padding-top:var(--wp--preset--spacing--30);padding-right:var(--wp--preset--spacing--30);padding-bottom:var(--wp--preset--spacing--30);padding-left:var(--wp--preset--spacing--30);min-height:282px;aspect-ratio:unset;\"><span aria-hidden=\"true\" class=\"wp-block-cover__background has-black-background-color has-background-dim\"><\/span><img loading=\"lazy\" decoding=\"async\" width=\"1680\" height=\"608\" class=\"wp-block-cover__image-background wp-image-330\" alt=\"\" src=\"https:\/\/websites.artecom.studio\/doublevie\/wp-content\/uploads\/sites\/8\/2023\/05\/DECOUVREZ-CE-QUE-CACHENT-LES-COULISSES-2.png\" data-object-fit=\"cover\" srcset=\"https:\/\/websites.artecom.studio\/doublevie\/wp-content\/uploads\/sites\/8\/2023\/05\/DECOUVREZ-CE-QUE-CACHENT-LES-COULISSES-2.png 1680w, https:\/\/websites.artecom.studio\/doublevie\/wp-content\/uploads\/sites\/8\/2023\/05\/DECOUVREZ-CE-QUE-CACHENT-LES-COULISSES-2-300x109.png 300w, https:\/\/websites.artecom.studio\/doublevie\/wp-content\/uploads\/sites\/8\/2023\/05\/DECOUVREZ-CE-QUE-CACHENT-LES-COULISSES-2-1024x371.png 1024w, https:\/\/websites.artecom.studio\/doublevie\/wp-content\/uploads\/sites\/8\/2023\/05\/DECOUVREZ-CE-QUE-CACHENT-LES-COULISSES-2-768x278.png 768w, https:\/\/websites.artecom.studio\/doublevie\/wp-content\/uploads\/sites\/8\/2023\/05\/DECOUVREZ-CE-QUE-CACHENT-LES-COULISSES-2-1536x556.png 1536w\" sizes=\"auto, (max-width: 1680px) 100vw, 1680px\" \/><div class=\"wp-block-cover__inner-container is-layout-flow wp-block-cover-is-layout-flow\">\n<div class=\"wp-block-group alignwide has-base-color has-text-color has-link-color wp-elements-46e5ba98a54cdc8aaf53514482d1e172 is-horizontal is-content-justification-space-between is-layout-flex wp-container-core-group-is-layout-0f5e5696 wp-block-group-is-layout-flex\" style=\"margin-top:0;margin-bottom:0\">\n<div class=\"wp-block-columns is-layout-flex wp-container-core-columns-is-layout-28f84493 wp-block-columns-is-layout-flex\">\n<div class=\"wp-block-column is-layout-flow wp-block-column-is-layout-flow\" style=\"flex-basis:30%\">\n<figure class=\"wp-block-image size-full is-resized\"><a class=\"\" href=\"https:\/\/websites.artecom.studio\/doublevie\/ \"><img loading=\"lazy\" decoding=\"async\" src=\"https:\/\/websites.artecom.studio\/doublevie\/wp-content\/uploads\/sites\/8\/2023\/04\/logo-modified.png\" alt=\"\" class=\"wp-image-273\" width=\"163\" height=\"163\" srcset=\"https:\/\/websites.artecom.studio\/doublevie\/wp-content\/uploads\/sites\/8\/2023\/04\/logo-modified.png 326w, https:\/\/websites.artecom.studio\/doublevie\/wp-content\/uploads\/sites\/8\/2023\/04\/logo-modified-300x300.png 300w, https:\/\/websites.artecom.studio\/doublevie\/wp-content\/uploads\/sites\/8\/2023\/04\/logo-modified-150x150.png 150w\" sizes=\"auto, (max-width: 163px) 100vw, 163px\" \/><\/a><\/figure>\n<\/div>\n\n\n\n<div class=\"wp-block-column is-layout-flow wp-block-column-is-layout-flow\" style=\"flex-basis:70%\">\n<h1 class=\"wp-block-heading has-x-large-font-size\">Face cach\u00e9e<\/h1>\n\n\n\n<p>D\u00e9couvrez ce que cachent les coulisses<\/p>\n<\/div>\n<\/div>\n\n\n<nav class=\"has-text-color has-white-color is-responsive items-justified-right wp-block-navigation is-content-justification-right is-layout-flex wp-container-core-navigation-is-layout-ed70dca0 wp-block-navigation-is-layout-flex\" aria-label=\"Navigation En-t\u00eate\" \n\t\t data-wp-interactive=\"core\/navigation\" data-wp-context='{\"overlayOpenedBy\":{\"click\":false,\"hover\":false,\"focus\":false},\"type\":\"overlay\",\"roleAttribute\":\"\",\"ariaLabel\":\"Menu\"}'><button aria-haspopup=\"dialog\" aria-label=\"Ouvrir le menu\" class=\"wp-block-navigation__responsive-container-open\" \n\t\t\t\tdata-wp-on--click=\"actions.openMenuOnClick\"\n\t\t\t\tdata-wp-on--keydown=\"actions.handleMenuKeydown\"\n\t\t\t><svg width=\"24\" height=\"24\" xmlns=\"http:\/\/www.w3.org\/2000\/svg\" viewBox=\"0 0 24 24\" aria-hidden=\"true\" focusable=\"false\"><path d=\"M4 7.5h16v1.5H4z\"><\/path><path d=\"M4 15h16v1.5H4z\"><\/path><\/svg><\/button>\n\t\t\t\t<div class=\"wp-block-navigation__responsive-container\"  id=\"modal-1\" \n\t\t\t\tdata-wp-class--has-modal-open=\"state.isMenuOpen\"\n\t\t\t\tdata-wp-class--is-menu-open=\"state.isMenuOpen\"\n\t\t\t\tdata-wp-watch=\"callbacks.initMenu\"\n\t\t\t\tdata-wp-on--keydown=\"actions.handleMenuKeydown\"\n\t\t\t\tdata-wp-on--focusout=\"actions.handleMenuFocusout\"\n\t\t\t\ttabindex=\"-1\"\n\t\t\t>\n\t\t\t\t\t<div class=\"wp-block-navigation__responsive-close\" tabindex=\"-1\">\n\t\t\t\t\t\t<div class=\"wp-block-navigation__responsive-dialog\" \n\t\t\t\tdata-wp-bind--aria-modal=\"state.ariaModal\"\n\t\t\t\tdata-wp-bind--aria-label=\"state.ariaLabel\"\n\t\t\t\tdata-wp-bind--role=\"state.roleAttribute\"\n\t\t\t>\n\t\t\t\t\t\t\t<button aria-label=\"Fermer le menu\" class=\"wp-block-navigation__responsive-container-close\" \n\t\t\t\tdata-wp-on--click=\"actions.closeMenuOnClick\"\n\t\t\t><svg xmlns=\"http:\/\/www.w3.org\/2000\/svg\" viewBox=\"0 0 24 24\" width=\"24\" height=\"24\" aria-hidden=\"true\" focusable=\"false\"><path d=\"m13.06 12 6.47-6.47-1.06-1.06L12 10.94 5.53 4.47 4.47 5.53 10.94 12l-6.47 6.47 1.06 1.06L12 13.06l6.47 6.47 1.06-1.06L13.06 12Z\"><\/path><\/svg><\/button>\n\t\t\t\t\t\t\t<div class=\"wp-block-navigation__responsive-container-content\" \n\t\t\t\tdata-wp-watch=\"callbacks.focusFirstElement\"\n\t\t\t id=\"modal-1-content\">\n\t\t\t\t\t\t\t\t<ul class=\"wp-block-navigation__container has-text-color has-white-color is-responsive items-justified-right wp-block-navigation\"><li class=\" wp-block-navigation-item wp-block-navigation-link\"><a class=\"wp-block-navigation-item__content\"  href=\"https:\/\/websites.artecom.studio\/doublevie\/page-d-exemple\/performance\/\"><span class=\"wp-block-navigation-item__label\">Performance<\/span><\/a><\/li><li class=\" wp-block-navigation-item wp-block-navigation-link\"><a class=\"wp-block-navigation-item__content\"  href=\"https:\/\/websites.artecom.studio\/doublevie\/tromperie\/\"><span class=\"wp-block-navigation-item__label\">Tromperie<\/span><\/a><\/li><li class=\" wp-block-navigation-item wp-block-navigation-link\"><a class=\"wp-block-navigation-item__content\"  href=\"https:\/\/websites.artecom.studio\/doublevie\/extension-de-soi\/\"><span class=\"wp-block-navigation-item__label\">Extension de soi<\/span><\/a><\/li><li class=\" wp-block-navigation-item wp-block-navigation-link\"><a class=\"wp-block-navigation-item__content\"  href=\"https:\/\/websites.artecom.studio\/doublevie\/au-service-des-autres\/\"><span class=\"wp-block-navigation-item__label\">Au service des autres<\/span><\/a><\/li><\/ul>\n\t\t\t\t\t\t\t<\/div>\n\t\t\t\t\t\t<\/div>\n\t\t\t\t\t<\/div>\n\t\t\t\t<\/div><\/nav><\/div>\n\n\n\n<div style=\"height:138px\" aria-hidden=\"true\" class=\"wp-block-spacer\"><\/div>\n<\/div><\/div>\n<\/div>\n<\/header>\n\n\n<div class=\"wp-block-group alignfull is-layout-constrained wp-block-group-is-layout-constrained\"><\/div>\n\n\n\n<main class=\"wp-block-group is-layout-flow wp-container-core-group-is-layout-bb1e360e wp-block-group-is-layout-flow\" style=\"margin-top:0;margin-bottom:0;padding-top:0;padding-right:0;padding-bottom:0;padding-left:0\">\n<div class=\"wp-block-group is-layout-constrained wp-container-core-group-is-layout-8db3226a wp-block-group-is-layout-constrained\" style=\"margin-top:0px;margin-bottom:0px;padding-top:64px;padding-bottom:64px\">\n<div class=\"wp-block-columns alignwide is-layout-flex wp-container-core-columns-is-layout-28f84493 wp-block-columns-is-layout-flex\">\n<div class=\"wp-block-column is-vertically-aligned-center is-layout-flow wp-block-column-is-layout-flow\">\n<h2 class=\"wp-block-heading alignwide has-huge-font-size\"><strong>Qu&rsquo;est-ce que la double vie pour vous ?<\/strong><\/h2>\n\n\n\n<p>Explorez le concept de la double vie \u00e0 travers notre site internet et webdocumentaire.&nbsp;<\/p>\n\n\n\n<p>Entre intimit\u00e9 et relation publique, d\u00e9couvrez des personnalit\u00e9s menant des vies parall\u00e8les et exprimant diff\u00e9rentes facettes d&rsquo;eux-m\u00eames.&nbsp;<\/p>\n\n\n\n<p>D\u00e9couvrez-les \u00e0 travers des images, articles et portraits.<\/p>\n\n\n\n<div class=\"wp-block-buttons is-layout-flex wp-block-buttons-is-layout-flex\">\n<div class=\"wp-block-button is-style-outline is-style-outline--2\"><a class=\"wp-block-button__link has-black-color has-text-color wp-element-button\" style=\"border-radius:12px;padding-top:var(--wp--preset--spacing--30);padding-right:var(--wp--preset--spacing--30);padding-bottom:var(--wp--preset--spacing--30);padding-left:var(--wp--preset--spacing--30)\">Lire la suite<\/a><\/div>\n<\/div>\n<\/div>\n\n\n\n<div class=\"wp-block-column is-layout-flow wp-block-column-is-layout-flow\" style=\"border-style:none;border-width:0px\"><\/div>\n<\/div>\n\n\n\n<div class=\"wp-block-group alignwide is-layout-constrained wp-block-group-is-layout-constrained\"><\/div>\n<\/div>\n\n\n\n<div class=\"wp-block-group alignfull has-ti-fg-alt-color has-text-color has-background is-layout-constrained wp-container-core-group-is-layout-1eec4d3c wp-block-group-is-layout-constrained\" style=\"background:linear-gradient(135deg,rgb(255,116,116) 2%,rgb(178,32,32) 51%,rgb(218,30,17) 100%);margin-top:0px;margin-bottom:0px;padding-top:32px;padding-bottom:32px\">\n<div class=\"wp-block-columns alignwide are-vertically-aligned-center is-layout-flex wp-container-core-columns-is-layout-28f84493 wp-block-columns-is-layout-flex\">\n<div class=\"wp-block-column is-vertically-aligned-center is-layout-flow wp-block-column-is-layout-flow\" style=\"flex-basis:70%\">\n<p class=\"has-text-color has-large-font-size\" style=\"color:#f1d302\">Notre Webdocumentaire<\/p>\n\n\n\n<p class=\"has-ti-fg-color has-text-color\">Ce web documentaire utilise l\u2019analogie du th\u00e9\u00e2tre pour explorer ce concept de la double vie. Nous sommes tous des acteurs de notre propre vie, jouant des r\u00f4les diff\u00e9rents selon les situations. Ici, l\u2019univers du th\u00e9\u00e2tre est encore plus \u00e9vident car nous pr\u00e9sentons des personnes ayant une deuxi\u00e8me vie qui se joue sur sc\u00e8ne.<\/p>\n<\/div>\n\n\n\n<div class=\"wp-block-column is-vertically-aligned-center is-layout-flow wp-block-column-is-layout-flow\" style=\"flex-basis:30%\">\n<div class=\"wp-block-buttons is-content-justification-center is-layout-flex wp-container-core-buttons-is-layout-a89b3969 wp-block-buttons-is-layout-flex\">\n<div class=\"wp-block-button has-custom-width wp-block-button__width-100 is-style-outline is-style-outline--3\"><a class=\"wp-block-button__link has-text-color wp-element-button\" style=\"color:#f1d302;padding-top:0;padding-right:0;padding-bottom:0;padding-left:0\">En savoir plus<\/a><\/div>\n<\/div>\n<\/div>\n<\/div>\n<\/div>\n\n\n\n<div class=\"wp-block-group alignfull has-ti-fg-background-color has-background is-layout-constrained wp-block-group-is-layout-constrained\" style=\"margin-top:0px;margin-bottom:0px;padding-top:18px;padding-bottom:49px\">\n<div class=\"wp-block-columns alignwide is-layout-flex wp-container-core-columns-is-layout-28f84493 wp-block-columns-is-layout-flex\">\n<div class=\"wp-block-column is-layout-flow wp-block-column-is-layout-flow\"><\/div>\n<\/div>\n<\/div>\n<\/main>\n","protected":false},"excerpt":{"rendered":"<p>Qu&rsquo;est-ce que la double vie pour vous ? Explorez le concept de la double vie \u00e0 travers notre site internet et webdocumentaire.&nbsp; Entre intimit\u00e9 et relation publique, d\u00e9couvrez des personnalit\u00e9s menant des vies parall\u00e8les et exprimant diff\u00e9rentes facettes d&rsquo;eux-m\u00eames.&nbsp; D\u00e9couvrez-les \u00e0 travers des images, articles et portraits. Notre Webdocumentaire Ce web documentaire utilise l\u2019analogie du [&hellip;]<\/p>\n","protected":false},"author":1,"featured_media":0,"parent":0,"menu_order":0,"comment_status":"closed","ping_status":"closed","template":"","meta":{"advgb_blocks_editor_width":"","advgb_blocks_columns_visual_guide":"","footnotes":""},"class_list":["post-162","page","type-page","status-publish","hentry"],"coauthors":[],"author_meta":{"author_link":"https:\/\/websites.artecom.studio\/doublevie\/author\/isabelle-moretti\/","display_name":"admin"},"relative_dates":{"created":"Publi\u00e9 3 ans il y a","modified":"Mis \u00e0 jour 3 ans il y a"},"absolute_dates":{"created":"Publi\u00e9 le 29 mars 2023","modified":"Mise \u00e0 jour le 9 mai 2023"},"absolute_dates_time":{"created":"Publi\u00e9 le 29 mars 2023 15h24","modified":"Mise \u00e0 jour le 9 mai 2023 9h05"},"featured_img_caption":"","featured_img":false,"series_order":"","_links":{"self":[{"href":"https:\/\/websites.artecom.studio\/doublevie\/wp-json\/wp\/v2\/pages\/162","targetHints":{"allow":["GET"]}}],"collection":[{"href":"https:\/\/websites.artecom.studio\/doublevie\/wp-json\/wp\/v2\/pages"}],"about":[{"href":"https:\/\/websites.artecom.studio\/doublevie\/wp-json\/wp\/v2\/types\/page"}],"author":[{"embeddable":true,"href":"https:\/\/websites.artecom.studio\/doublevie\/wp-json\/wp\/v2\/users\/1"}],"replies":[{"embeddable":true,"href":"https:\/\/websites.artecom.studio\/doublevie\/wp-json\/wp\/v2\/comments?post=162"}],"version-history":[{"count":5,"href":"https:\/\/websites.artecom.studio\/doublevie\/wp-json\/wp\/v2\/pages\/162\/revisions"}],"predecessor-version":[{"id":326,"href":"https:\/\/websites.artecom.studio\/doublevie\/wp-json\/wp\/v2\/pages\/162\/revisions\/326"}],"wp:attachment":[{"href":"https:\/\/websites.artecom.studio\/doublevie\/wp-json\/wp\/v2\/media?parent=162"}],"curies":[{"name":"wp","href":"https:\/\/api.w.org\/{rel}","templated":true}]}}