{"id":38,"date":"2022-03-30T15:09:27","date_gmt":"2022-03-30T13:09:27","guid":{"rendered":"https:\/\/websites.artecom.studio\/on-off\/?page_id=38"},"modified":"2022-05-09T14:53:16","modified_gmt":"2022-05-09T12:53:16","slug":"vivre-la-nuit","status":"publish","type":"page","link":"https:\/\/websites.artecom.studio\/on-off\/vivre-la-nuit\/","title":{"rendered":"VIVRE LA NUIT"},"content":{"rendered":"\n<h2 class=\"has-text-align-center wp-block-heading\">L&rsquo;acc\u00e8s au jeu !<\/h2>\n\n\n\n<div class=\"wp-block-image\"><figure class=\"aligncenter size-full is-resized\"><img loading=\"lazy\" decoding=\"async\" src=\"https:\/\/websites.artecom.studio\/on-off\/wp-content\/uploads\/sites\/2\/2022\/04\/Portrait-3-edited.png\" alt=\"\" class=\"wp-image-899\" width=\"327\" height=\"245\" srcset=\"https:\/\/websites.artecom.studio\/on-off\/wp-content\/uploads\/sites\/2\/2022\/04\/Portrait-3-edited.png 325w, https:\/\/websites.artecom.studio\/on-off\/wp-content\/uploads\/sites\/2\/2022\/04\/Portrait-3-edited-300x225.png 300w\" sizes=\"auto, (max-width: 327px) 100vw, 327px\" \/><\/figure><\/div>\n\n\n\n<hr class=\"wp-block-separator has-text-color has-background has-black-background-color has-black-color is-style-wide\" \/>\n\n\n\n<div style=\"height:32px\" aria-hidden=\"true\" class=\"wp-block-spacer\"><\/div>\n\n\n\n<p class=\"has-drop-cap has-text-align-center\">Chers exp\u00e9rienceurs, sachez que notre toute <strong>nouvelle technologie<\/strong> vous permet de plonger dans une <strong>exp\u00e9rience in\u00e9dite et hors du commun<\/strong>, encore mieux que la VR.<\/p>\n\n\n\n<p class=\"has-drop-cap has-text-align-center\"> Aujourd\u2019hui, nous vous proposons d\u2019int\u00e9grer la peau d\u2019une personne souhaitant <strong>s\u2019amuser<\/strong> et <strong>d\u00e9couvrir une nouvelle ville<\/strong>. Attention \u00e0 ce que vous faites car la moindre maladresse pourrait vous faire perdre plus que de l\u2019argent (<strong>la maison ne rembourse pas une fois la simulation lanc\u00e9e<\/strong>). <\/p>\n\n\n\n<p class=\"has-drop-cap has-text-align-center\">M\u00e9fiez-vous de votre taux d\u2019alcool\u00e9mie et <strong>promenez-vous dans les rues<\/strong> \u00e0 la recherche d\u2019endroits et de d\u00e9tails cach\u00e9s. Libre \u00e0 vous d\u2019interagir avec les diff\u00e9rentes personnes que vous croiserez mais faites bien attention car vos actions peuvent avoir des <strong>cons\u00e9quences<\/strong>.<\/p>\n\n\n\n<div class=\"wp-block-buttons is-horizontal is-content-justification-center is-layout-flex wp-container-core-buttons-is-layout-499968f5 wp-block-buttons-is-layout-flex\">\n<div class=\"wp-block-button is-style-outline is-style-outline--1\"><a class=\"wp-block-button__link has-text-color\" href=\"https:\/\/webdocs.artecom.studio\/onoff\/#Jouer_\" style=\"color:#ff00ea\" target=\"_blank\" rel=\"noreferrer noopener\">Entrer dans la Nuit<\/a><\/div>\n<\/div>\n\n\n\n<p><\/p>\n","protected":false},"excerpt":{"rendered":"<p>L&rsquo;acc\u00e8s au jeu ! Chers exp\u00e9rienceurs, sachez que notre toute nouvelle technologie vous permet de plonger dans une exp\u00e9rience in\u00e9dite et hors [&hellip;]<\/p>\n","protected":false},"author":11,"featured_media":0,"parent":0,"menu_order":0,"comment_status":"closed","ping_status":"closed","template":"","meta":{"advgb_blocks_editor_width":"","advgb_blocks_columns_visual_guide":"","footnotes":""},"class_list":{"0":"post-38","1":"page","2":"type-page","3":"status-publish","5":"col-md-6 col-sm-6"},"coauthors":[],"author_meta":{"author_link":"https:\/\/websites.artecom.studio\/on-off\/author\/cecile\/","display_name":"cecile"},"relative_dates":{"created":"Publi\u00e9 4 ans il y a","modified":"Mis \u00e0 jour 4 ans il y a"},"absolute_dates":{"created":"Publi\u00e9 le 30 mars 2022","modified":"Mise \u00e0 jour le 9 mai 2022"},"absolute_dates_time":{"created":"Publi\u00e9 le 30 mars 2022 15h09","modified":"Mise \u00e0 jour le 9 mai 2022 14h53"},"featured_img_caption":"","featured_img":false,"series_order":"","_links":{"self":[{"href":"https:\/\/websites.artecom.studio\/on-off\/wp-json\/wp\/v2\/pages\/38","targetHints":{"allow":["GET"]}}],"collection":[{"href":"https:\/\/websites.artecom.studio\/on-off\/wp-json\/wp\/v2\/pages"}],"about":[{"href":"https:\/\/websites.artecom.studio\/on-off\/wp-json\/wp\/v2\/types\/page"}],"author":[{"embeddable":true,"href":"https:\/\/websites.artecom.studio\/on-off\/wp-json\/wp\/v2\/users\/11"}],"replies":[{"embeddable":true,"href":"https:\/\/websites.artecom.studio\/on-off\/wp-json\/wp\/v2\/comments?post=38"}],"version-history":[{"count":31,"href":"https:\/\/websites.artecom.studio\/on-off\/wp-json\/wp\/v2\/pages\/38\/revisions"}],"predecessor-version":[{"id":932,"href":"https:\/\/websites.artecom.studio\/on-off\/wp-json\/wp\/v2\/pages\/38\/revisions\/932"}],"wp:attachment":[{"href":"https:\/\/websites.artecom.studio\/on-off\/wp-json\/wp\/v2\/media?parent=38"}],"curies":[{"name":"wp","href":"https:\/\/api.w.org\/{rel}","templated":true}]}}