{"id":58,"date":"2022-03-30T15:29:58","date_gmt":"2022-03-30T13:29:58","guid":{"rendered":"https:\/\/websites.artecom.studio\/on-off\/?page_id=58"},"modified":"2022-04-21T14:41:30","modified_gmt":"2022-04-21T12:41:30","slug":"accueil","status":"publish","type":"page","link":"https:\/\/websites.artecom.studio\/on-off\/","title":{"rendered":"ACCUEIL"},"content":{"rendered":"\n<p class=\"has-text-align-center has-white-color has-text-color\">Connaissez-vous le double visage de votre ville ? L\u2019interrupteur est-il sur <strong>ON<\/strong> ? <\/p>\n\n\n\n<p class=\"has-text-align-center entrer\">Pour entrer<\/p>\n\n\n\n<p class=\"has-text-align-center has-white-color has-text-color\">Et bien <mark style=\"color:#b84ef5\" class=\"has-inline-color\"><strong>passez<\/strong><\/mark> le sur <strong>OFF<\/strong> et laissez-vous embarquer dans un nouvel <strong>univers<\/strong>, une nouvelle aventure : la d\u00e9couverte d\u2019une ville la <strong>Nuit<\/strong>, dans la peau d\u2019un nouveau r\u00e9sident.  Faites vos choix de fa\u00e7on judicieuse au sinon vous tomberez dans la <strong>spirale infernale<\/strong> qu\u2019est le monde de la <strong>Nuit<\/strong>. D\u00e9ambulez librement, faites des <strong>rencontres<\/strong> pour \u00e9coutez des <strong>histoires sur<\/strong> les m\u00e9tiers de la<strong> Nuit<\/strong>, des <strong>exp\u00e9riences<\/strong> et des <strong>recommandations<\/strong>.  En effet, rien ne vous emp\u00eache de faire des rencontres.  Votre environnement pourrait aussi \u00eatre int\u00e9ressant alors laissez-vous piquer par votre <strong>curiosit\u00e9<\/strong>.  Choisirez-vous de partir \u00e0 l&rsquo;<strong>aventure<\/strong> imm\u00e9diatement ou pr\u00e9f\u00e9rerez-vous vous informer avant de partir ? <\/p>\n\n\n\n<p class=\"has-text-align-center has-white-color has-text-color\">Soyez quand m\u00eame conscient que ce monde peut \u00eatre <strong>dangereux <\/strong>et p\u00e9rilleux et que <strong>votre voyage pourrait bien se terminer<\/strong> de fa\u00e7on incongrue. Alors, libre \u00e0 vous de naviguer dans nos ressources, <mark class=\"has-inline-color has-vivid-cyan-blue-color\">en<\/mark> lisant nos <strong>brochures<\/strong> et \u00e9crits si la curiosit\u00e9 venait \u00e0 vous surprendre. Avec ce <mark class=\"has-inline-color has-black-color\">mode<\/mark>, votre <strong>exp\u00e9rience<\/strong> est garantie sans cassure.  Nous nous d\u00e9douanons de toute <strong>responsabilit\u00e9 <\/strong>en cas de <strong>mort<\/strong> et bien \u00e9videment, les <strong>remboursements <\/strong>ne sont pas de mise. N\u2019oubliez pas de signer <strong>l\u2019assurance<\/strong> fourni dans le contrat et merci d\u2019avoir choisi <strong><em>ON\/<mark class=\"has-inline-color has-vivid-red-color\">OFF<\/mark><\/em> <\/strong>pour votre aventure !  <\/p>\n\n\n\n<div style=\"text-align:center\" class=\"wp-block-wp-dark-mode-block-dark-mode-switch aligncenter\"><div class=\"wp-dark-mode-switcher wp-dark-mode-ignore style-3\"><label for=\"wp-dark-mode-switch\" class=\"wp-dark-mode-ignore\"><img decoding=\"async\" class=\"sun-light\" src=\"https:\/\/websites.artecom.studio\/on-off\/wp-content\/plugins\/wp-dark-mode\/assets\/images\/btn-13\/sun.svg\" alt=\"Light\" \/><div class=\"toggle wp-dark-mode-ignore\"><\/div><img decoding=\"async\" class=\"moon-light\" src=\"https:\/\/websites.artecom.studio\/on-off\/wp-content\/plugins\/wp-dark-mode\/assets\/images\/btn-13\/moon.svg\" alt=\"Light\" \/><\/label><\/div><\/div>\n\n\n\n<hr class=\"wp-block-separator has-text-color has-background is-style-wide\" style=\"background-color:#090436;color:#090436\" \/>\n\n\n\n<div class=\"wp-block-columns is-layout-flex wp-container-core-columns-is-layout-9d6595d7 wp-block-columns-is-layout-flex\">\n<div class=\"wp-block-column is-layout-flow wp-block-column-is-layout-flow\"><div class=\"aligncenter wp-block-site-logo\"><a href=\"https:\/\/websites.artecom.studio\/on-off\/\" class=\"custom-logo-link\" rel=\"home\"><img loading=\"lazy\" decoding=\"async\" width=\"111\" height=\"111\" src=\"https:\/\/websites.artecom.studio\/on-off\/wp-content\/uploads\/sites\/2\/2022\/04\/cropped-cropped-Logo.png\" class=\"custom-logo\" alt=\"ON\/OFF\" srcset=\"https:\/\/websites.artecom.studio\/on-off\/wp-content\/uploads\/sites\/2\/2022\/04\/cropped-cropped-Logo.png 512w, https:\/\/websites.artecom.studio\/on-off\/wp-content\/uploads\/sites\/2\/2022\/04\/cropped-cropped-Logo-300x300.png 300w, https:\/\/websites.artecom.studio\/on-off\/wp-content\/uploads\/sites\/2\/2022\/04\/cropped-cropped-Logo-150x150.png 150w, https:\/\/websites.artecom.studio\/on-off\/wp-content\/uploads\/sites\/2\/2022\/04\/cropped-cropped-Logo-75x75.png 75w, https:\/\/websites.artecom.studio\/on-off\/wp-content\/uploads\/sites\/2\/2022\/04\/cropped-cropped-Logo-270x270.png 270w, https:\/\/websites.artecom.studio\/on-off\/wp-content\/uploads\/sites\/2\/2022\/04\/cropped-cropped-Logo-192x192.png 192w, https:\/\/websites.artecom.studio\/on-off\/wp-content\/uploads\/sites\/2\/2022\/04\/cropped-cropped-Logo-180x180.png 180w, https:\/\/websites.artecom.studio\/on-off\/wp-content\/uploads\/sites\/2\/2022\/04\/cropped-cropped-Logo-32x32.png 32w\" sizes=\"auto, (max-width: 111px) 100vw, 111px\" \/><\/a><\/div><\/div>\n\n\n\n<div class=\"wp-block-column is-vertically-aligned-center is-layout-flow wp-block-column-is-layout-flow\">\n<ul class=\"wp-block-social-links has-huge-icon-size is-style-logos-only is-content-justification-center is-layout-flex wp-container-core-social-links-is-layout-16018d1d wp-block-social-links-is-layout-flex\"><li class=\"wp-social-link wp-social-link-instagram  wp-block-social-link\"><a href=\"https:\/\/www.instagram.com\/onoff_webdoc\/\" class=\"wp-block-social-link-anchor\"><svg width=\"24\" height=\"24\" viewBox=\"0 0 24 24\" version=\"1.1\" xmlns=\"http:\/\/www.w3.org\/2000\/svg\" aria-hidden=\"true\" focusable=\"false\"><path d=\"M12,4.622c2.403,0,2.688,0.009,3.637,0.052c0.877,0.04,1.354,0.187,1.671,0.31c0.42,0.163,0.72,0.358,1.035,0.673 c0.315,0.315,0.51,0.615,0.673,1.035c0.123,0.317,0.27,0.794,0.31,1.671c0.043,0.949,0.052,1.234,0.052,3.637 s-0.009,2.688-0.052,3.637c-0.04,0.877-0.187,1.354-0.31,1.671c-0.163,0.42-0.358,0.72-0.673,1.035 c-0.315,0.315-0.615,0.51-1.035,0.673c-0.317,0.123-0.794,0.27-1.671,0.31c-0.949,0.043-1.233,0.052-3.637,0.052 s-2.688-0.009-3.637-0.052c-0.877-0.04-1.354-0.187-1.671-0.31c-0.42-0.163-0.72-0.358-1.035-0.673 c-0.315-0.315-0.51-0.615-0.673-1.035c-0.123-0.317-0.27-0.794-0.31-1.671C4.631,14.688,4.622,14.403,4.622,12 s0.009-2.688,0.052-3.637c0.04-0.877,0.187-1.354,0.31-1.671c0.163-0.42,0.358-0.72,0.673-1.035 c0.315-0.315,0.615-0.51,1.035-0.673c0.317-0.123,0.794-0.27,1.671-0.31C9.312,4.631,9.597,4.622,12,4.622 M12,3 C9.556,3,9.249,3.01,8.289,3.054C7.331,3.098,6.677,3.25,6.105,3.472C5.513,3.702,5.011,4.01,4.511,4.511 c-0.5,0.5-0.808,1.002-1.038,1.594C3.25,6.677,3.098,7.331,3.054,8.289C3.01,9.249,3,9.556,3,12c0,2.444,0.01,2.751,0.054,3.711 c0.044,0.958,0.196,1.612,0.418,2.185c0.23,0.592,0.538,1.094,1.038,1.594c0.5,0.5,1.002,0.808,1.594,1.038 c0.572,0.222,1.227,0.375,2.185,0.418C9.249,20.99,9.556,21,12,21s2.751-0.01,3.711-0.054c0.958-0.044,1.612-0.196,2.185-0.418 c0.592-0.23,1.094-0.538,1.594-1.038c0.5-0.5,0.808-1.002,1.038-1.594c0.222-0.572,0.375-1.227,0.418-2.185 C20.99,14.751,21,14.444,21,12s-0.01-2.751-0.054-3.711c-0.044-0.958-0.196-1.612-0.418-2.185c-0.23-0.592-0.538-1.094-1.038-1.594 c-0.5-0.5-1.002-0.808-1.594-1.038c-0.572-0.222-1.227-0.375-2.185-0.418C14.751,3.01,14.444,3,12,3L12,3z M12,7.378 c-2.552,0-4.622,2.069-4.622,4.622S9.448,16.622,12,16.622s4.622-2.069,4.622-4.622S14.552,7.378,12,7.378z M12,15 c-1.657,0-3-1.343-3-3s1.343-3,3-3s3,1.343,3,3S13.657,15,12,15z M16.804,6.116c-0.596,0-1.08,0.484-1.08,1.08 s0.484,1.08,1.08,1.08c0.596,0,1.08-0.484,1.08-1.08S17.401,6.116,16.804,6.116z\"><\/path><\/svg><span class=\"wp-block-social-link-label screen-reader-text\">Instagram<\/span><\/a><\/li><\/ul>\n<\/div>\n<\/div>\n\n\n<nav class=\"has-text-color has-white-color is-responsive items-justified-center wp-block-navigation is-content-justification-center is-layout-flex wp-container-core-navigation-is-layout-16018d1d wp-block-navigation-is-layout-flex\" aria-label=\"Principal\" \n\t\t data-wp-interactive=\"core\/navigation\" data-wp-context='{\"overlayOpenedBy\":{\"click\":false,\"hover\":false,\"focus\":false},\"type\":\"overlay\",\"roleAttribute\":\"\",\"ariaLabel\":\"Menu\"}'><button aria-haspopup=\"dialog\" aria-label=\"Ouvrir le menu\" class=\"wp-block-navigation__responsive-container-open\" \n\t\t\t\tdata-wp-on--click=\"actions.openMenuOnClick\"\n\t\t\t\tdata-wp-on--keydown=\"actions.handleMenuKeydown\"\n\t\t\t><svg width=\"24\" height=\"24\" xmlns=\"http:\/\/www.w3.org\/2000\/svg\" viewBox=\"0 0 24 24\" aria-hidden=\"true\" focusable=\"false\"><path d=\"M4 7.5h16v1.5H4z\"><\/path><path d=\"M4 15h16v1.5H4z\"><\/path><\/svg><\/button>\n\t\t\t\t<div class=\"wp-block-navigation__responsive-container  has-text-color has-black-color\"  id=\"modal-1\" \n\t\t\t\tdata-wp-class--has-modal-open=\"state.isMenuOpen\"\n\t\t\t\tdata-wp-class--is-menu-open=\"state.isMenuOpen\"\n\t\t\t\tdata-wp-watch=\"callbacks.initMenu\"\n\t\t\t\tdata-wp-on--keydown=\"actions.handleMenuKeydown\"\n\t\t\t\tdata-wp-on--focusout=\"actions.handleMenuFocusout\"\n\t\t\t\ttabindex=\"-1\"\n\t\t\t>\n\t\t\t\t\t<div class=\"wp-block-navigation__responsive-close\" tabindex=\"-1\">\n\t\t\t\t\t\t<div class=\"wp-block-navigation__responsive-dialog\" \n\t\t\t\tdata-wp-bind--aria-modal=\"state.ariaModal\"\n\t\t\t\tdata-wp-bind--aria-label=\"state.ariaLabel\"\n\t\t\t\tdata-wp-bind--role=\"state.roleAttribute\"\n\t\t\t>\n\t\t\t\t\t\t\t<button aria-label=\"Fermer le menu\" class=\"wp-block-navigation__responsive-container-close\" \n\t\t\t\tdata-wp-on--click=\"actions.closeMenuOnClick\"\n\t\t\t><svg xmlns=\"http:\/\/www.w3.org\/2000\/svg\" viewBox=\"0 0 24 24\" width=\"24\" height=\"24\" aria-hidden=\"true\" focusable=\"false\"><path d=\"m13.06 12 6.47-6.47-1.06-1.06L12 10.94 5.53 4.47 4.47 5.53 10.94 12l-6.47 6.47 1.06 1.06L12 13.06l6.47 6.47 1.06-1.06L13.06 12Z\"><\/path><\/svg><\/button>\n\t\t\t\t\t\t\t<div class=\"wp-block-navigation__responsive-container-content\" \n\t\t\t\tdata-wp-watch=\"callbacks.focusFirstElement\"\n\t\t\t id=\"modal-1-content\">\n\t\t\t\t\t\t\t\t<ul class=\"wp-block-navigation__container has-text-color has-white-color is-responsive items-justified-center wp-block-navigation\"><li class=\" wp-block-navigation-item wp-block-navigation-link\"><a class=\"wp-block-navigation-item__content\"  href=\"https:\/\/websites.artecom.studio\/on-off\/comprendre-la-nuit\/\"><span class=\"wp-block-navigation-item__label\">COMPRENDRE LA NUIT<\/span><\/a><\/li><li class=\" wp-block-navigation-item wp-block-navigation-link\"><a class=\"wp-block-navigation-item__content\"  href=\"https:\/\/websites.artecom.studio\/on-off\/vivre-la-nuit\/\"><span class=\"wp-block-navigation-item__label\">VIVRE LA NUIT<\/span><\/a><\/li><li class=\" wp-block-navigation-item wp-block-navigation-link\"><a class=\"wp-block-navigation-item__content\"  href=\"https:\/\/websites.artecom.studio\/on-off\/penser-la-nuit\/\"><span class=\"wp-block-navigation-item__label\">PENSER LA NUIT<\/span><\/a><\/li><li class=\" wp-block-navigation-item wp-block-navigation-link\"><a class=\"wp-block-navigation-item__content\"  href=\"https:\/\/websites.artecom.studio\/on-off\/category\/voir-la-nuit\/\"><span class=\"wp-block-navigation-item__label\">VOIR LA NUIT<\/span><\/a><\/li><li class=\" wp-block-navigation-item wp-block-navigation-link\"><a class=\"wp-block-navigation-item__content\"  href=\"https:\/\/websites.artecom.studio\/on-off\/raconter-la-nuit\/\"><span class=\"wp-block-navigation-item__label\">RACONTER LA NUIT<\/span><\/a><\/li><\/ul>\n\t\t\t\t\t\t\t<\/div>\n\t\t\t\t\t\t<\/div>\n\t\t\t\t\t<\/div>\n\t\t\t\t<\/div><\/nav>","protected":false},"excerpt":{"rendered":"<p>Connaissez-vous le double visage de votre ville ? L\u2019interrupteur est-il sur ON ? Pour entrer Et bien passez le sur OFF et [&hellip;]<\/p>\n","protected":false},"author":11,"featured_media":0,"parent":0,"menu_order":0,"comment_status":"closed","ping_status":"closed","template":"","meta":{"advgb_blocks_editor_width":"","advgb_blocks_columns_visual_guide":"","footnotes":""},"class_list":{"0":"post-58","1":"page","2":"type-page","3":"status-publish","5":"col-md-6 col-sm-6"},"coauthors":[],"author_meta":{"author_link":"https:\/\/websites.artecom.studio\/on-off\/author\/cecile\/","display_name":"cecile"},"relative_dates":{"created":"Publi\u00e9 4 ans il y a","modified":"Mis \u00e0 jour 4 ans il y a"},"absolute_dates":{"created":"Publi\u00e9 le 30 mars 2022","modified":"Mise \u00e0 jour le 21 avril 2022"},"absolute_dates_time":{"created":"Publi\u00e9 le 30 mars 2022 15h29","modified":"Mise \u00e0 jour le 21 avril 2022 14h41"},"featured_img_caption":"","featured_img":false,"series_order":"","_links":{"self":[{"href":"https:\/\/websites.artecom.studio\/on-off\/wp-json\/wp\/v2\/pages\/58","targetHints":{"allow":["GET"]}}],"collection":[{"href":"https:\/\/websites.artecom.studio\/on-off\/wp-json\/wp\/v2\/pages"}],"about":[{"href":"https:\/\/websites.artecom.studio\/on-off\/wp-json\/wp\/v2\/types\/page"}],"author":[{"embeddable":true,"href":"https:\/\/websites.artecom.studio\/on-off\/wp-json\/wp\/v2\/users\/11"}],"replies":[{"embeddable":true,"href":"https:\/\/websites.artecom.studio\/on-off\/wp-json\/wp\/v2\/comments?post=58"}],"version-history":[{"count":73,"href":"https:\/\/websites.artecom.studio\/on-off\/wp-json\/wp\/v2\/pages\/58\/revisions"}],"predecessor-version":[{"id":931,"href":"https:\/\/websites.artecom.studio\/on-off\/wp-json\/wp\/v2\/pages\/58\/revisions\/931"}],"wp:attachment":[{"href":"https:\/\/websites.artecom.studio\/on-off\/wp-json\/wp\/v2\/media?parent=58"}],"curies":[{"name":"wp","href":"https:\/\/api.w.org\/{rel}","templated":true}]}}