{"id":12,"date":"2022-03-30T11:45:22","date_gmt":"2022-03-30T09:45:22","guid":{"rendered":"https:\/\/websites.artecom.studio\/songe\/?page_id=12"},"modified":"2022-04-13T11:42:43","modified_gmt":"2022-04-13T09:42:43","slug":"backstage","status":"publish","type":"page","link":"https:\/\/websites.artecom.studio\/songe\/backstage\/","title":{"rendered":"Backstage"},"content":{"rendered":"\n<h2 class=\"wp-block-heading\" style=\"font-size:47px\">R\u00e9fl\u00e9chir et conceptualiser afin de visualiser &#8230;<\/h2>\n\n\n\n<p class=\"has-text-color\" style=\"color:#0a0035\">Note d&rsquo;intention, probl\u00e9matique ou bien encore planche de tendance, nous sommes pass\u00e9.es par de nombreuses \u00e9tapes qui nous ont permis de mettre au clair nos id\u00e9es mais surtout, de faire la lumi\u00e8re sur le chemin que nous souhaitions emprunter. Nous vous laissons donc d\u00e9couvrir un pan de nos recherches. Bienvenue dans les backstages de notre projet !<\/p>\n\n\n\n<hr class=\"wp-block-separator is-style-wide\" \/>\n\n\n\n<h2 class=\"has-text-align-center has-black-color has-text-color has-large-font-size wp-block-heading\">D\u00e9gager une probl\u00e9matique<\/h2>\n\n\n\n<p>Lors de l\u2019\u00e9criture de <em>Songe<\/em>, nous nous \u00e9tions fix\u00e9s une probl\u00e9matique qui \u00e9tait \u201cQu\u00eate identitaire et histoires intimes\u201d. Cette id\u00e9e de recherche identitaire se trouvait depuis le d\u00e9but au c\u0153ur de notre r\u00e9flexion et repr\u00e9sente aujourd\u2019hui le fil conducteur de notre projet. A travers ce Webdocumentaire fictionnel, nous souhaitions aborder les questionnements universels qui traversent les jeunes ainsi que la difficult\u00e9 \u00e0 se \u201ctrouver\u201d et \u00e0 donner un sens \u00e0 sa vie.&nbsp; Nous avons, de fait, d\u00e9cid\u00e9 d\u2019aborder cette qu\u00eate de soi sous la forme d\u2019un voyage psychique par le biais du r\u00eave ce qui nous a permis une grande libert\u00e9 dans la narration ainsi qu\u2019en termes esth\u00e9tiques. <\/p>\n\n\n\n<div style=\"height:52px\" aria-hidden=\"true\" class=\"wp-block-spacer\"><\/div>\n\n\n\n<h2 class=\"has-text-align-center has-large-font-size wp-block-heading\">Concepts esth\u00e9tiques et visuels<\/h2>\n\n\n\n<p>Pour nos dessins nous nous sommes inspir\u00e9s des styles de Zep, p\u00e8re de Titeuf et de Riad Sattouf, l\u2019auteur de la s\u00e9rie autobiographique <em>l\u2019Arabe du Futur<\/em>. En ce qui concerne nos personnages, nous avons notamment reproduit les traits ronds et les proportions exag\u00e9r\u00e9es caract\u00e9ristiques de ces deux dessinateurs.&nbsp;<\/p>\n\n\n\n<figure class=\"wp-block-gallery has-nested-images columns-default is-cropped wp-block-gallery-1 is-layout-flex wp-block-gallery-is-layout-flex\">\n<figure class=\"wp-block-image size-large\"><img loading=\"lazy\" decoding=\"async\" width=\"1024\" height=\"581\" data-id=\"183\" src=\"https:\/\/websites.artecom.studio\/songe\/wp-content\/uploads\/sites\/3\/2022\/04\/Camille-1024x581.png\" alt=\"\" class=\"wp-image-183\" srcset=\"https:\/\/websites.artecom.studio\/songe\/wp-content\/uploads\/sites\/3\/2022\/04\/Camille-1024x581.png 1024w, https:\/\/websites.artecom.studio\/songe\/wp-content\/uploads\/sites\/3\/2022\/04\/Camille-300x170.png 300w, https:\/\/websites.artecom.studio\/songe\/wp-content\/uploads\/sites\/3\/2022\/04\/Camille-768x436.png 768w, https:\/\/websites.artecom.studio\/songe\/wp-content\/uploads\/sites\/3\/2022\/04\/Camille-1536x872.png 1536w, https:\/\/websites.artecom.studio\/songe\/wp-content\/uploads\/sites\/3\/2022\/04\/Camille.png 1721w\" sizes=\"auto, (max-width: 1024px) 100vw, 1024px\" \/><\/figure>\n\n\n\n<figure class=\"wp-block-image size-large\"><img loading=\"lazy\" decoding=\"async\" width=\"1024\" height=\"753\" data-id=\"188\" src=\"https:\/\/websites.artecom.studio\/songe\/wp-content\/uploads\/sites\/3\/2022\/04\/Lit-5-2-1024x753.jpg\" alt=\"\" class=\"wp-image-188\" srcset=\"https:\/\/websites.artecom.studio\/songe\/wp-content\/uploads\/sites\/3\/2022\/04\/Lit-5-2-1024x753.jpg 1024w, https:\/\/websites.artecom.studio\/songe\/wp-content\/uploads\/sites\/3\/2022\/04\/Lit-5-2-300x221.jpg 300w, https:\/\/websites.artecom.studio\/songe\/wp-content\/uploads\/sites\/3\/2022\/04\/Lit-5-2-768x565.jpg 768w, https:\/\/websites.artecom.studio\/songe\/wp-content\/uploads\/sites\/3\/2022\/04\/Lit-5-2-1536x1129.jpg 1536w, https:\/\/websites.artecom.studio\/songe\/wp-content\/uploads\/sites\/3\/2022\/04\/Lit-5-2-2048x1506.jpg 2048w\" sizes=\"auto, (max-width: 1024px) 100vw, 1024px\" \/><\/figure>\n\n\n\n<figure class=\"wp-block-image size-large\"><img loading=\"lazy\" decoding=\"async\" width=\"1024\" height=\"768\" data-id=\"190\" src=\"https:\/\/websites.artecom.studio\/songe\/wp-content\/uploads\/sites\/3\/2022\/04\/Plateforme-1-1024x768.jpg\" alt=\"\" class=\"wp-image-190\" srcset=\"https:\/\/websites.artecom.studio\/songe\/wp-content\/uploads\/sites\/3\/2022\/04\/Plateforme-1-1024x768.jpg 1024w, https:\/\/websites.artecom.studio\/songe\/wp-content\/uploads\/sites\/3\/2022\/04\/Plateforme-1-300x225.jpg 300w, https:\/\/websites.artecom.studio\/songe\/wp-content\/uploads\/sites\/3\/2022\/04\/Plateforme-1-768x576.jpg 768w, https:\/\/websites.artecom.studio\/songe\/wp-content\/uploads\/sites\/3\/2022\/04\/Plateforme-1-1536x1152.jpg 1536w, https:\/\/websites.artecom.studio\/songe\/wp-content\/uploads\/sites\/3\/2022\/04\/Plateforme-1.jpg 1600w\" sizes=\"auto, (max-width: 1024px) 100vw, 1024px\" \/><\/figure>\n\n\n\n<figure class=\"wp-block-image size-large\"><img loading=\"lazy\" decoding=\"async\" width=\"1024\" height=\"768\" data-id=\"189\" src=\"https:\/\/websites.artecom.studio\/songe\/wp-content\/uploads\/sites\/3\/2022\/04\/Illustration-1-1024x768.jpg\" alt=\"\" class=\"wp-image-189\" srcset=\"https:\/\/websites.artecom.studio\/songe\/wp-content\/uploads\/sites\/3\/2022\/04\/Illustration-1-1024x768.jpg 1024w, https:\/\/websites.artecom.studio\/songe\/wp-content\/uploads\/sites\/3\/2022\/04\/Illustration-1-300x225.jpg 300w, https:\/\/websites.artecom.studio\/songe\/wp-content\/uploads\/sites\/3\/2022\/04\/Illustration-1-768x576.jpg 768w, https:\/\/websites.artecom.studio\/songe\/wp-content\/uploads\/sites\/3\/2022\/04\/Illustration-1-1536x1152.jpg 1536w, https:\/\/websites.artecom.studio\/songe\/wp-content\/uploads\/sites\/3\/2022\/04\/Illustration-1.jpg 1600w\" sizes=\"auto, (max-width: 1024px) 100vw, 1024px\" \/><\/figure>\n\n\n\n<figure class=\"wp-block-image size-large\"><img loading=\"lazy\" decoding=\"async\" width=\"3506\" height=\"2550\" data-id=\"193\" src=\"https:\/\/websites.artecom.studio\/songe\/wp-content\/uploads\/sites\/3\/2022\/04\/Plateformes.png\" alt=\"\" class=\"wp-image-193\" srcset=\"https:\/\/websites.artecom.studio\/songe\/wp-content\/uploads\/sites\/3\/2022\/04\/Plateformes.png 3506w, https:\/\/websites.artecom.studio\/songe\/wp-content\/uploads\/sites\/3\/2022\/04\/Plateformes-300x218.png 300w, https:\/\/websites.artecom.studio\/songe\/wp-content\/uploads\/sites\/3\/2022\/04\/Plateformes-1024x745.png 1024w, https:\/\/websites.artecom.studio\/songe\/wp-content\/uploads\/sites\/3\/2022\/04\/Plateformes-768x559.png 768w, https:\/\/websites.artecom.studio\/songe\/wp-content\/uploads\/sites\/3\/2022\/04\/Plateformes-1536x1117.png 1536w, https:\/\/websites.artecom.studio\/songe\/wp-content\/uploads\/sites\/3\/2022\/04\/Plateformes-2048x1490.png 2048w\" sizes=\"auto, (max-width: 3506px) 100vw, 3506px\" \/><\/figure>\n\n\n\n<figure class=\"wp-block-image size-large\"><img loading=\"lazy\" decoding=\"async\" width=\"1600\" height=\"1200\" data-id=\"194\" src=\"https:\/\/websites.artecom.studio\/songe\/wp-content\/uploads\/sites\/3\/2022\/04\/Portes.jpg\" alt=\"\" class=\"wp-image-194\" srcset=\"https:\/\/websites.artecom.studio\/songe\/wp-content\/uploads\/sites\/3\/2022\/04\/Portes.jpg 1600w, https:\/\/websites.artecom.studio\/songe\/wp-content\/uploads\/sites\/3\/2022\/04\/Portes-300x225.jpg 300w, https:\/\/websites.artecom.studio\/songe\/wp-content\/uploads\/sites\/3\/2022\/04\/Portes-1024x768.jpg 1024w, https:\/\/websites.artecom.studio\/songe\/wp-content\/uploads\/sites\/3\/2022\/04\/Portes-768x576.jpg 768w, https:\/\/websites.artecom.studio\/songe\/wp-content\/uploads\/sites\/3\/2022\/04\/Portes-1536x1152.jpg 1536w\" sizes=\"auto, (max-width: 1600px) 100vw, 1600px\" \/><\/figure>\n<\/figure>\n\n\n\n<p>De plus, au sein de notre projet, il \u00e9tait important pour nous de lier ces supports dessin\u00e9s avec des cr\u00e9ations audiovisuelles et sonores. Dans ce cadre, nous avons aussi r\u00e9fl\u00e9chi \u00e0 la forme que pourrait prendre ces vid\u00e9os\/ portraits afin de s&rsquo;int\u00e9grer au mieux \u00e0 l&rsquo;univers que nous avions pens\u00e9. Enfin, selon nous, le passage entre le dessin et la vid\u00e9o apporte une certaine profondeur \u00e0 la narration tout en symbolisant la fronti\u00e8re poreuse entre r\u00eave et r\u00e9alit\u00e9, des th\u00e9matiques au c\u0153ur de notre projet.<\/p>\n\n\n\n<div style=\"height:52px\" aria-hidden=\"true\" class=\"wp-block-spacer\"><\/div>\n\n\n\n<h2 class=\"has-text-align-center has-large-font-size wp-block-heading\">Une r\u00e9flexion autour de la couleur<\/h2>\n\n\n\n<p>Dans notre projet, on retrouve la couleur bleue de mani\u00e8re tr\u00e8s r\u00e9currente. Nous l\u2019avons choisie car elle repr\u00e9sente dans notre imaginaire commun le monde du r\u00eave et de la nuit. Elle est par exemple fr\u00e9quemment associ\u00e9e \u00e0 Hypnos,&nbsp;personnification du sommeil et des songes dans la mythologie grec. De la m\u00eame mani\u00e8re que pour l\u2019ensemble des couleurs choisis pour repr\u00e9senter l\u2019esth\u00e9tique de notre projet, nous en avons utilis\u00e9 diff\u00e9rentes variations afin de cr\u00e9er des contrastes, \u00e0 l&rsquo;image de la pluralit\u00e9 et de la multiplicit\u00e9 de notre personnage. <\/p>\n\n\n\n<p>De plus, au d\u00e9but du r\u00e9cit, vous aurez pu remarquer que l\u2019univers dans lequel vit Camille est tr\u00e8s terne. Les d\u00e9cors et personnages apparaissent dans des nuances de cr\u00e8me et de gris.\u00a0 Nous avons fait ce choix esth\u00e9tique afin d\u2019illustrer le mal-\u00eatre du personnage et la monotonie de son quotidien. Par la suite, lorsqu\u2019il se r\u00e9veille de son r\u00eave, le monde est cette fois ci color\u00e9. Camille a trouv\u00e9 les r\u00e9ponses \u00e0 ses questions, l\u2019avenir est radieux.\u00a0Nous souhaitions ici marqu\u00e9 ce voyage, cet \u00ab\u00a0avant apr\u00e8s\u00a0\u00bb qu&rsquo;op\u00e8re notre personnage avec cette id\u00e9e que, gr\u00e2ce \u00e0 cette qu\u00eate onirique, sa perception des choses a chang\u00e9 : tant sur le plan psychique que dans la r\u00e9alit\u00e9. Il s&rsquo;est ouvert, et le monde s&rsquo;est ouvert \u00e0 lui. <\/p>\n\n\n\n<div class=\"wp-block-image\"><figure class=\"aligncenter size-large is-resized\"><img loading=\"lazy\" decoding=\"async\" src=\"https:\/\/websites.artecom.studio\/songe\/wp-content\/uploads\/sites\/3\/2022\/04\/Illustration5-1-1024x768.jpg\" alt=\"\" class=\"wp-image-203\" width=\"569\" height=\"427\" srcset=\"https:\/\/websites.artecom.studio\/songe\/wp-content\/uploads\/sites\/3\/2022\/04\/Illustration5-1-1024x768.jpg 1024w, https:\/\/websites.artecom.studio\/songe\/wp-content\/uploads\/sites\/3\/2022\/04\/Illustration5-1-300x225.jpg 300w, https:\/\/websites.artecom.studio\/songe\/wp-content\/uploads\/sites\/3\/2022\/04\/Illustration5-1-768x576.jpg 768w, https:\/\/websites.artecom.studio\/songe\/wp-content\/uploads\/sites\/3\/2022\/04\/Illustration5-1-1536x1152.jpg 1536w, https:\/\/websites.artecom.studio\/songe\/wp-content\/uploads\/sites\/3\/2022\/04\/Illustration5-1.jpg 1600w\" sizes=\"auto, (max-width: 569px) 100vw, 569px\" \/><\/figure><\/div>\n\n\n\n<p><\/p>\n","protected":false},"excerpt":{"rendered":"<p>R\u00e9fl\u00e9chir et conceptualiser afin de visualiser &#8230; Note d&rsquo;intention, probl\u00e9matique ou bien encore planche de tendance, nous sommes pass\u00e9.es par de nombreuses \u00e9tapes qui&#8230;<\/p>\n","protected":false},"author":2,"featured_media":0,"parent":0,"menu_order":0,"comment_status":"closed","ping_status":"closed","template":"","meta":{"advgb_blocks_editor_width":"","advgb_blocks_columns_visual_guide":"","footnotes":""},"class_list":["post-12","page","type-page","status-publish","hentry"],"coauthors":[],"author_meta":{"author_link":"https:\/\/websites.artecom.studio\/songe\/author\/vincent\/","display_name":"vincent"},"relative_dates":{"created":"Publi\u00e9 4 ans il y a","modified":"Mis \u00e0 jour 4 ans il y a"},"absolute_dates":{"created":"Publi\u00e9 le 30 mars 2022","modified":"Mise \u00e0 jour le 13 avril 2022"},"absolute_dates_time":{"created":"Publi\u00e9 le 30 mars 2022 11h45","modified":"Mise \u00e0 jour le 13 avril 2022 11h42"},"featured_img_caption":"","featured_img":false,"series_order":"","_links":{"self":[{"href":"https:\/\/websites.artecom.studio\/songe\/wp-json\/wp\/v2\/pages\/12","targetHints":{"allow":["GET"]}}],"collection":[{"href":"https:\/\/websites.artecom.studio\/songe\/wp-json\/wp\/v2\/pages"}],"about":[{"href":"https:\/\/websites.artecom.studio\/songe\/wp-json\/wp\/v2\/types\/page"}],"author":[{"embeddable":true,"href":"https:\/\/websites.artecom.studio\/songe\/wp-json\/wp\/v2\/users\/2"}],"replies":[{"embeddable":true,"href":"https:\/\/websites.artecom.studio\/songe\/wp-json\/wp\/v2\/comments?post=12"}],"version-history":[{"count":30,"href":"https:\/\/websites.artecom.studio\/songe\/wp-json\/wp\/v2\/pages\/12\/revisions"}],"predecessor-version":[{"id":338,"href":"https:\/\/websites.artecom.studio\/songe\/wp-json\/wp\/v2\/pages\/12\/revisions\/338"}],"wp:attachment":[{"href":"https:\/\/websites.artecom.studio\/songe\/wp-json\/wp\/v2\/media?parent=12"}],"curies":[{"name":"wp","href":"https:\/\/api.w.org\/{rel}","templated":true}]}}