{"id":391,"date":"2022-04-20T09:48:28","date_gmt":"2022-04-20T07:48:28","guid":{"rendered":"https:\/\/websites.artecom.studio\/songe\/?page_id=391"},"modified":"2022-05-10T18:58:22","modified_gmt":"2022-05-10T16:58:22","slug":"accueil","status":"publish","type":"page","link":"https:\/\/websites.artecom.studio\/songe\/","title":{"rendered":"Entrez dans le songe &#8230;"},"content":{"rendered":"\n<figure class=\"wp-block-image size-full is-resized\"><a href=\"https:\/\/webdocs.artecom.studio\/songes\/#D%C3%A9but\"><img loading=\"lazy\" decoding=\"async\" src=\"https:\/\/websites.artecom.studio\/songe\/wp-content\/uploads\/sites\/3\/2022\/05\/image.png\" alt=\"\" class=\"wp-image-438\" width=\"628\" height=\"350\" srcset=\"https:\/\/websites.artecom.studio\/songe\/wp-content\/uploads\/sites\/3\/2022\/05\/image.png 969w, https:\/\/websites.artecom.studio\/songe\/wp-content\/uploads\/sites\/3\/2022\/05\/image-300x168.png 300w\" sizes=\"auto, (max-width: 628px) 100vw, 628px\" \/><\/a><figcaption>Retrouvez notre webdocumentaire dans son int\u00e9gralit\u00e9 en cliquant sur l&rsquo;image !<\/figcaption><\/figure>\n\n\n\n<div class=\"wp-block-columns is-layout-flex wp-container-core-columns-is-layout-9d6595d7 wp-block-columns-is-layout-flex\">\n<div class=\"wp-block-column is-layout-flow wp-block-column-is-layout-flow\">\n<h2 class=\"wp-block-heading\"><a href=\"https:\/\/websites.artecom.studio\/songe\/2022\/04\/14\/lequipe\/\" data-type=\"post\" data-id=\"384\">L&rsquo;\u00e9quipe<\/a><\/h2>\n\n\n\n<p class=\"has-small-font-size\">Venez d\u00e9couvrir l&rsquo;\u00e9quipe qui se cache derri\u00e8re ce projet !<\/p>\n\n\n\n<div class=\"wp-block-buttons is-layout-flex wp-block-buttons-is-layout-flex\">\n<div class=\"wp-block-button\"><a class=\"wp-block-button__link\" href=\"https:\/\/websites.artecom.studio\/songe\/2022\/04\/14\/lequipe\/\">Lire la suite<\/a><\/div>\n<\/div>\n<\/div>\n\n\n\n<div class=\"wp-block-column is-layout-flow wp-block-column-is-layout-flow\">\n<h2 class=\"wp-block-heading\"><a href=\"https:\/\/websites.artecom.studio\/songe\/2022\/04\/08\/un-webdocumen-quoi\/\" data-type=\"post\" data-id=\"283\">Un webdocumen.. quoi ?<\/a><\/h2>\n\n\n\n<p class=\"has-small-font-size\">Bienvenue \u00e0 toi, qui est arriv\u00e9.e jusqu\u2019ici pour d\u00e9couvrir les aventures oniriques de Camille ! Avant que tu ne te lances dans la d\u00e9couverte des pens\u00e9es les plus profondes de notre personnage, il serait peut-\u00eatre pr\u00e9f\u00e9rable que nous t\u2019expliquions en quoi consiste un webdocumentaire, n\u2019est-ce pas ? Allez, tout comme Camille, on va essayer de te donner les cl\u00e9s pour y voir plus clair !<\/p>\n<\/div>\n<\/div>\n\n\n\n<div class=\"wp-block-buttons is-content-justification-right is-layout-flex wp-container-core-buttons-is-layout-765c4724 wp-block-buttons-is-layout-flex\">\n<div class=\"wp-block-button\"><a class=\"wp-block-button__link\" href=\"https:\/\/websites.artecom.studio\/songe\/2022\/04\/08\/un-webdocumen-quoi\/\">Lire la suite<\/a><\/div>\n<\/div>\n\n\n\n<p><\/p>\n","protected":false},"excerpt":{"rendered":"<p>L&rsquo;\u00e9quipe Venez d\u00e9couvrir l&rsquo;\u00e9quipe qui se cache derri\u00e8re ce projet ! Un webdocumen.. quoi ? Bienvenue \u00e0 toi, qui est arriv\u00e9.e jusqu\u2019ici pour d\u00e9couvrir&#8230;<\/p>\n","protected":false},"author":1,"featured_media":0,"parent":0,"menu_order":0,"comment_status":"closed","ping_status":"closed","template":"","meta":{"advgb_blocks_editor_width":"","advgb_blocks_columns_visual_guide":"","footnotes":""},"class_list":["post-391","page","type-page","status-publish","hentry"],"coauthors":[],"author_meta":{"author_link":"https:\/\/websites.artecom.studio\/songe\/author\/isabelle-moretti\/","display_name":"admin"},"relative_dates":{"created":"Publi\u00e9 4 ans il y a","modified":"Mis \u00e0 jour 4 ans il y a"},"absolute_dates":{"created":"Publi\u00e9 le 20 avril 2022","modified":"Mise \u00e0 jour le 10 mai 2022"},"absolute_dates_time":{"created":"Publi\u00e9 le 20 avril 2022 9h48","modified":"Mise \u00e0 jour le 10 mai 2022 18h58"},"featured_img_caption":"","featured_img":false,"series_order":"","_links":{"self":[{"href":"https:\/\/websites.artecom.studio\/songe\/wp-json\/wp\/v2\/pages\/391","targetHints":{"allow":["GET"]}}],"collection":[{"href":"https:\/\/websites.artecom.studio\/songe\/wp-json\/wp\/v2\/pages"}],"about":[{"href":"https:\/\/websites.artecom.studio\/songe\/wp-json\/wp\/v2\/types\/page"}],"author":[{"embeddable":true,"href":"https:\/\/websites.artecom.studio\/songe\/wp-json\/wp\/v2\/users\/1"}],"replies":[{"embeddable":true,"href":"https:\/\/websites.artecom.studio\/songe\/wp-json\/wp\/v2\/comments?post=391"}],"version-history":[{"count":12,"href":"https:\/\/websites.artecom.studio\/songe\/wp-json\/wp\/v2\/pages\/391\/revisions"}],"predecessor-version":[{"id":441,"href":"https:\/\/websites.artecom.studio\/songe\/wp-json\/wp\/v2\/pages\/391\/revisions\/441"}],"wp:attachment":[{"href":"https:\/\/websites.artecom.studio\/songe\/wp-json\/wp\/v2\/media?parent=391"}],"curies":[{"name":"wp","href":"https:\/\/api.w.org\/{rel}","templated":true}]}}